{"id":1194,"date":"2022-04-27T11:34:14","date_gmt":"2022-04-27T09:34:14","guid":{"rendered":"https:\/\/theatredebagatelle.com\/?page_id=1194"},"modified":"2022-04-27T11:49:44","modified_gmt":"2022-04-27T09:49:44","slug":"mention-legales","status":"publish","type":"page","link":"https:\/\/theatredebagatelle.com\/index.php\/mention-legales\/","title":{"rendered":"Mention l\u00e9gales"},"content":{"rendered":"<h2 class=\"wp-block-post-title has-x-large-font-size\" id=\"mention-legales\">Mention l\u00e9gales<\/h2>\n\n\n<p class=\"has-small-font-size\">Conform\u00e9ment aux dispositions de la loi n\u00b0 2004-575 du 21 juin 2004 pour la confiance en l\u2019\u00e9conomie num\u00e9rique, il est pr\u00e9cis\u00e9 aux utilisateurs du site theatredebagatelle.com l\u2019identit\u00e9 des diff\u00e9rents intervenants dans le cadre de sa r\u00e9alisation et de son suivi.<br><br>Le site internet :\u00a0www.theatredebagatelle.com est \u00e9dit\u00e9 par:<\/p>\n\n\n\n<p class=\"has-small-font-size\">Th\u00e9\u00e2tre de Bagatelle <br>207, chemin de la Sainte Famille<br>84200 CARPENTRAS<br>SIRET : 500 377 346 000 19 &#8211; APE : 9001 Z<br>LICENCE : 2-1010710<\/p>\n\n\n\n<p class=\"has-small-font-size\">T\u00e9l. 06 64 81 79 91<br>theatredebagatelle (at) neuf.fr<\/p>\n\n\n\n<p class=\"has-small-font-size\">Directrice de la publication: Agn\u00e8s Ravaux<\/p>\n\n\n\n<p class=\"has-small-font-size\">H\u00e9bergement:<br>Hostinger International Ltd.<br>61 Lordou Vironos st.<br>6023 Larnaca, <br>the Republic of Cyprus<\/p>\n\n\n\n<p class=\"has-small-font-size\">Serveur en Europe (Netherlands), server 699<\/p>\n\n\n\n<p class=\"has-small-font-size\">Le site est accessible en tout endroit, 7j\/7, 24h\/24, sauf cas de force majeure, interruption programm\u00e9e ou non pouvant d\u00e9couler d&rsquo;une n\u00e9cessit\u00e9 de maintenance.<\/p>\n\n\n\n<p class=\"has-small-font-size\">En cas de modification, interruption ou suspension du site, l&rsquo;\u00e9diteur ne saurait \u00eatre tenu responsable.<\/p>\n","protected":false},"excerpt":{"rendered":"<p>Conform\u00e9ment aux dispositions de la loi n\u00b0 2004-575 du 21 juin 2004 pour la confiance en l\u2019\u00e9conomie num\u00e9rique, il est pr\u00e9cis\u00e9 aux utilisateurs du site theatredebagatelle.<br \/>com l\u2019identit\u00e9 des diff\u00e9rents intervenants dans le cadre de sa r\u00e9alisation et de son suivi.<br \/> Le site internet :\u00a0www.<br \/>theatredebagatelle.<br \/>com est \u00e9dit\u00e9 par: Th\u00e9\u00e2tre de Bagatelle 207, chemin de la Sainte[\u2026]<\/p>\n","protected":false},"author":2,"featured_media":0,"parent":0,"menu_order":0,"comment_status":"closed","ping_status":"closed","template":"","meta":{"_acf_changed":false,"remove_blocks_before_content":false,"remove_blocks_after_content":false,"countdown_timer_date_events":"","disable_reading_progress_bar":false,"footnotes":""},"class_list":["post-1194","page","type-page","status-publish","hentry"],"acf":[],"_links":{"self":[{"href":"https:\/\/theatredebagatelle.com\/index.php\/wp-json\/wp\/v2\/pages\/1194","targetHints":{"allow":["GET"]}}],"collection":[{"href":"https:\/\/theatredebagatelle.com\/index.php\/wp-json\/wp\/v2\/pages"}],"about":[{"href":"https:\/\/theatredebagatelle.com\/index.php\/wp-json\/wp\/v2\/types\/page"}],"author":[{"embeddable":true,"href":"https:\/\/theatredebagatelle.com\/index.php\/wp-json\/wp\/v2\/users\/2"}],"replies":[{"embeddable":true,"href":"https:\/\/theatredebagatelle.com\/index.php\/wp-json\/wp\/v2\/comments?post=1194"}],"version-history":[{"count":4,"href":"https:\/\/theatredebagatelle.com\/index.php\/wp-json\/wp\/v2\/pages\/1194\/revisions"}],"predecessor-version":[{"id":1203,"href":"https:\/\/theatredebagatelle.com\/index.php\/wp-json\/wp\/v2\/pages\/1194\/revisions\/1203"}],"wp:attachment":[{"href":"https:\/\/theatredebagatelle.com\/index.php\/wp-json\/wp\/v2\/media?parent=1194"}],"curies":[{"name":"wp","href":"https:\/\/api.w.org\/{rel}","templated":true}]}}