{"id":1260,"date":"2022-06-30T16:03:58","date_gmt":"2022-06-30T14:03:58","guid":{"rendered":"https:\/\/theatredebagatelle.com\/?page_id=1260"},"modified":"2024-12-13T14:30:01","modified_gmt":"2024-12-13T13:30:01","slug":"guillaume-giraud-trio","status":"publish","type":"page","link":"https:\/\/theatredebagatelle.com\/index.php\/guillaume-giraud-trio\/","title":{"rendered":"\u00ab\u00a0Guillaume Giraud en Trio\u00a0\u00bb"},"content":{"rendered":"\n<div class=\"wp-block-group is-layout-flow wp-block-group-is-layout-flow\">\n<div class=\"wp-block-columns is-layout-flex wp-container-core-columns-is-layout-d0b3c9c8 wp-block-columns-is-layout-flex\">\n<div class=\"wp-block-column is-layout-flow wp-block-column-is-layout-flow\">\n<figure class=\"wp-block-image aligncenter size-full\"><img loading=\"lazy\" decoding=\"async\" width=\"800\" height=\"103\" src=\"https:\/\/theatredebagatelle.com\/wp-content\/uploads\/Titre_Guillaume_Trio-c.jpg\" alt=\"\" class=\"wp-image-1247\" srcset=\"https:\/\/theatredebagatelle.com\/wp-content\/uploads\/Titre_Guillaume_Trio-c.jpg 800w, https:\/\/theatredebagatelle.com\/wp-content\/uploads\/Titre_Guillaume_Trio-c-300x39.jpg 300w, https:\/\/theatredebagatelle.com\/wp-content\/uploads\/Titre_Guillaume_Trio-c-768x99.jpg 768w\" sizes=\"auto, (max-width: 800px) 100vw, 800px\" \/><\/figure>\n<\/div>\n<\/div>\n<\/div>\n\n\n\n<div class=\"wp-block-columns is-layout-flex wp-container-core-columns-is-layout-d0b3c9c8 wp-block-columns-is-layout-flex\">\n<div class=\"wp-block-column is-layout-flow wp-block-column-is-layout-flow\">\n<p>Piano et chant: <strong>Guillaume Giraud<\/strong><br>Saxophone: <strong>Soufiane Terkmani<\/strong> &#8211; <em><a rel=\"noreferrer noopener\" href=\"https:\/\/theatredebagatelle.com\/wp-content\/uploads\/Biographie_Soufiane_Terkmani.pdf\" target=\"_blank\">Biographie<\/a><\/em><br>Basse: <strong>Jean-Paul Gallois<\/strong> &#8211; <a rel=\"noreferrer noopener\" href=\"https:\/\/theatredebagatelle.com\/wp-content\/uploads\/Biographie_Jean-Paul_Gallois.pdf\" target=\"_blank\"><em>Biographie<\/em><\/a><br>Voix: <strong>Agn\u00e8s Ravaux<\/strong><\/p>\n<\/div>\n<\/div>\n\n\n\n<div class=\"wp-block-columns is-layout-flex wp-container-core-columns-is-layout-d0b3c9c8 wp-block-columns-is-layout-flex\">\n<div class=\"wp-block-column justification_texte is-layout-flow wp-block-column-is-layout-flow\" style=\"--col-width:66.66%;flex-basis:66.66%\"><\/div>\n\n\n\n<div class=\"wp-block-column is-layout-flow wp-block-column-is-layout-flow\" style=\"--col-width:33.33%;flex-basis:33.33%\">\n<figure class=\"wp-block-image size-full\"><img loading=\"lazy\" decoding=\"async\" width=\"355\" height=\"500\" src=\"https:\/\/theatredebagatelle.com\/wp-content\/uploads\/aff_guillaume_opus_2022-c.jpg\" alt=\"\" class=\"wp-image-1248\" srcset=\"https:\/\/theatredebagatelle.com\/wp-content\/uploads\/aff_guillaume_opus_2022-c.jpg 355w, https:\/\/theatredebagatelle.com\/wp-content\/uploads\/aff_guillaume_opus_2022-c-213x300.jpg 213w\" sizes=\"auto, (max-width: 355px) 100vw, 355px\" \/><figcaption class=\"wp-element-caption\"><em>\u00ab\u00a0Guillaume Giraud Trio\u00a0\u00bb<\/em><br>Opus 2022<\/figcaption><\/figure>\n<\/div>\n<\/div>\n\n\n\n<hr class=\"wp-block-separator has-alpha-channel-opacity\"\/>\n\n\n\n<figure class=\"wp-block-embed is-type-rich is-provider-prise-en-charge-des-contenus-embarqu-s wp-block-embed-prise-en-charge-des-contenus-embarqu-s wp-embed-aspect-16-9 wp-has-aspect-ratio\"><div class=\"wp-block-embed__wrapper\">\n<iframe loading=\"lazy\" title=\"Guillaume Giraud ... 20 ans\" width=\"500\" height=\"281\" src=\"https:\/\/www.youtube.com\/embed\/SMaqtsFDfl0?feature=oembed\" frameborder=\"0\" allow=\"accelerometer; autoplay; clipboard-write; encrypted-media; gyroscope; picture-in-picture; web-share\" referrerpolicy=\"strict-origin-when-cross-origin\" allowfullscreen><\/iframe>\n<\/div><figcaption class=\"wp-element-caption\">12 juin 2022 &#8211; Th\u00e9\u00e2tre des 2 Mondes<br>Vaison la Romaine<\/figcaption><\/figure>\n\n\n\n<hr class=\"wp-block-separator has-alpha-channel-opacity\"\/>\n\n\n\t\t<link href=\"https:\/\/theatredebagatelle.com\/wp-content\/plugins\/slideshow-ck-pro\/themes\/default\/css\/camera.css\" rel=\"stylesheet\" type=\"text\/css\" \/>\n\t\t<style type=\"text\/css\">\n\t\t\t#camera_wrap_1263 .camera_pag_ul li img, #camera_wrap_1263 .camera_thumbs_cont ul li img {\n\t\t\t\theight:100px;\n\t\t\t\twidth: auto;\n\t\t\t}\n\t\t\t#camera_wrap_1263 .camera_caption {\n\t\t\t\tdisplay: block;\n\t\t\t\tposition: absolute;\n\t\t\t}\n\t\t\t#camera_wrap_1263 .camera_caption a.camera_caption_link {\n\t\t\t\tdisplay: block;\n\t\t\t\tposition: absolute;\n\t\t\t\tleft: 0;\n\t\t\t\tright: 0;\n\t\t\t\ttop: 0;\n\t\t\t\tbottom: 0;\n\t\t\t}\n\t\t\t#camera_wrap_1263 .camera_caption > div {\n\t\t\t\tbackground: #000000;\t\t\t}\n\t\t\t#camera_wrap_1263 .camera_caption div.camera_caption_title {\n\t\t\t\tfont-size: 18px;line-height: 18px;font-weight: normal;\t\t\t}\n\t\t\t#camera_wrap_1263 .camera_caption div.camera_caption_desc {\n\t\t\t\tfont-size: 12px;line-height: 12px;font-weight: normal;\t\t\t}\n\t\t<\/style>\n\t\t\t\t<div class=\"slideshowck camera_wrap camera_amber_skin\" id=\"camera_wrap_1263\">\n\t\t\t\t\t\t\t<div data-title=\"\"  data-thumb=\"https:\/\/theatredebagatelle.com\/wp-content\/uploads\/01-guillaume-T2M.jpg\" data-src=\"https:\/\/theatredebagatelle.com\/wp-content\/uploads\/01-guillaume-T2M.jpg\" data-link=\"https:\/\/theatredebagatelle.com\/wp-content\/uploads\/01-guillaume-T2M.jpg\" data-target=\"_parent\">\n\t\t\t\t\t\t\t\t\t\t<\/div>\n\t\t\t\t\t\t\t<div data-title=\"\"  data-thumb=\"https:\/\/theatredebagatelle.com\/wp-content\/uploads\/02-guillaume-T2M.jpg\" data-src=\"https:\/\/theatredebagatelle.com\/wp-content\/uploads\/02-guillaume-T2M.jpg\" data-link=\"https:\/\/theatredebagatelle.com\/wp-content\/uploads\/02-guillaume-T2M.jpg\" data-target=\"_parent\">\n\t\t\t\t\t\t\t\t\t\t<\/div>\n\t\t\t\t\t\t\t<div data-title=\"\"  data-thumb=\"https:\/\/theatredebagatelle.com\/wp-content\/uploads\/03-guillaume-T2M.jpg\" data-src=\"https:\/\/theatredebagatelle.com\/wp-content\/uploads\/03-guillaume-T2M.jpg\" data-link=\"https:\/\/theatredebagatelle.com\/wp-content\/uploads\/03-guillaume-T2M.jpg\" data-target=\"_parent\">\n\t\t\t\t\t\t\t\t\t\t<\/div>\n\t\t\t\t\t\t\t<div data-title=\"\"  data-thumb=\"https:\/\/theatredebagatelle.com\/wp-content\/uploads\/05-guillaume-T2M.jpg\" data-src=\"https:\/\/theatredebagatelle.com\/wp-content\/uploads\/05-guillaume-T2M.jpg\" data-link=\"https:\/\/theatredebagatelle.com\/wp-content\/uploads\/05-guillaume-T2M.jpg\" data-target=\"_parent\">\n\t\t\t\t\t\t\t\t\t\t<\/div>\n\t\t\t\t\t\t\t<div data-title=\"\"  data-thumb=\"https:\/\/theatredebagatelle.com\/wp-content\/uploads\/04-guillaume-T2M.jpg\" data-src=\"https:\/\/theatredebagatelle.com\/wp-content\/uploads\/04-guillaume-T2M.jpg\" data-link=\"https:\/\/theatredebagatelle.com\/wp-content\/uploads\/04-guillaume-T2M.jpg\" data-target=\"_parent\">\n\t\t\t\t\t\t\t\t\t\t<\/div>\n\t\t\t\t\t\t\t<div data-title=\"\"  data-thumb=\"https:\/\/theatredebagatelle.com\/wp-content\/uploads\/06-guillaume-T2M.jpg\" data-src=\"https:\/\/theatredebagatelle.com\/wp-content\/uploads\/06-guillaume-T2M.jpg\" data-link=\"https:\/\/theatredebagatelle.com\/wp-content\/uploads\/06-guillaume-T2M.jpg\" data-target=\"_parent\">\n\t\t\t\t\t\t\t\t\t\t<\/div>\n\t\t\t\t\t\t\t<div data-title=\"\"  data-thumb=\"https:\/\/theatredebagatelle.com\/wp-content\/uploads\/07-guillaume-T2M.jpg\" data-src=\"https:\/\/theatredebagatelle.com\/wp-content\/uploads\/07-guillaume-T2M.jpg\" data-link=\"https:\/\/theatredebagatelle.com\/wp-content\/uploads\/07-guillaume-T2M.jpg\" data-target=\"_parent\">\n\t\t\t\t\t\t\t\t\t\t<\/div>\n\t\t\t\t\t<\/div>\n\t\t<div style=\"clear:both;\"><\/div>\n\t\t\n\n\n\n<hr class=\"wp-block-separator has-css-opacity\"\/>\n\n\n\n<div class=\"wp-block-columns is-layout-flex wp-container-core-columns-is-layout-d0b3c9c8 wp-block-columns-is-layout-flex\">\n<div class=\"wp-block-column is-layout-flow wp-block-column-is-layout-flow\">\n<p><a href=\"https:\/\/theatredebagatelle.com\/index.php\/comme-des-moulins-a-vian\/\">Pr\u00e9c\u00e9dent<\/a><\/p>\n<\/div>\n\n\n\n<div class=\"wp-block-column is-layout-flow wp-block-column-is-layout-flow\">\n<p class=\"has-text-align-right\"><a href=\"https:\/\/theatredebagatelle.com\/index.php\/bagatelle\/\">Suivant<\/a><\/p>\n<\/div>\n<\/div>\n","protected":false},"excerpt":{"rendered":"<p>Piano et chant: Guillaume GiraudSaxophone: Soufiane Terkmani &#8211; BiographieBasse: Jean-Paul Gallois &#8211; BiographieVoix: Agn\u00e8s Ravaux Pr\u00e9c\u00e9dent Suivant<\/p>\n","protected":false},"author":2,"featured_media":0,"parent":0,"menu_order":0,"comment_status":"closed","ping_status":"closed","template":"","meta":{"_acf_changed":false,"remove_blocks_before_content":false,"remove_blocks_after_content":false,"countdown_timer_date_events":"","disable_reading_progress_bar":false,"footnotes":""},"class_list":["post-1260","page","type-page","status-publish","hentry"],"acf":[],"_links":{"self":[{"href":"https:\/\/theatredebagatelle.com\/index.php\/wp-json\/wp\/v2\/pages\/1260","targetHints":{"allow":["GET"]}}],"collection":[{"href":"https:\/\/theatredebagatelle.com\/index.php\/wp-json\/wp\/v2\/pages"}],"about":[{"href":"https:\/\/theatredebagatelle.com\/index.php\/wp-json\/wp\/v2\/types\/page"}],"author":[{"embeddable":true,"href":"https:\/\/theatredebagatelle.com\/index.php\/wp-json\/wp\/v2\/users\/2"}],"replies":[{"embeddable":true,"href":"https:\/\/theatredebagatelle.com\/index.php\/wp-json\/wp\/v2\/comments?post=1260"}],"version-history":[{"count":10,"href":"https:\/\/theatredebagatelle.com\/index.php\/wp-json\/wp\/v2\/pages\/1260\/revisions"}],"predecessor-version":[{"id":1588,"href":"https:\/\/theatredebagatelle.com\/index.php\/wp-json\/wp\/v2\/pages\/1260\/revisions\/1588"}],"wp:attachment":[{"href":"https:\/\/theatredebagatelle.com\/index.php\/wp-json\/wp\/v2\/media?parent=1260"}],"curies":[{"name":"wp","href":"https:\/\/api.w.org\/{rel}","templated":true}]}}