{"id":1400,"date":"2024-01-31T09:55:44","date_gmt":"2024-01-31T08:55:44","guid":{"rendered":"https:\/\/theatredebagatelle.com\/?page_id=1400"},"modified":"2025-10-30T11:26:15","modified_gmt":"2025-10-30T10:26:15","slug":"gainsbourg-et-jane-b","status":"publish","type":"page","link":"https:\/\/theatredebagatelle.com\/index.php\/gainsbourg-et-jane-b\/","title":{"rendered":"Gainsbourg et Jane B."},"content":{"rendered":"\n<div class=\"wp-block-group is-layout-flow wp-block-group-is-layout-flow\">\n<div class=\"wp-block-columns is-layout-flex wp-container-core-columns-is-layout-d0b3c9c8 wp-block-columns-is-layout-flex\">\n<div class=\"wp-block-column is-layout-flow wp-block-column-is-layout-flow\">\n<figure class=\"wp-block-image size-full\"><img decoding=\"async\" src=\"https:\/\/theatredebagatelle.com\/wp-content\/uploads\/Titre_GetJB-c.jpg\" alt=\"\" class=\"wp-image-1383\"\/><\/figure>\n\n\n\n<p class=\"has-large-font-size\">Hommage au couple l\u00e9gendaire<\/p>\n<\/div>\n<\/div>\n<\/div>\n\n\n\n<div class=\"wp-block-columns is-layout-flex wp-container-core-columns-is-layout-d0b3c9c8 wp-block-columns-is-layout-flex\">\n<div class=\"wp-block-column is-layout-flow wp-block-column-is-layout-flow\">\n<p>chant: Agn\u00e8s Ravaux<br>piano, chant et arrangements: Guillaume Giraud<\/p>\n<\/div>\n<\/div>\n\n\n\n<div class=\"wp-block-columns is-layout-flex wp-container-core-columns-is-layout-d0b3c9c8 wp-block-columns-is-layout-flex\">\n<div class=\"wp-block-column is-layout-flow wp-block-column-is-layout-flow\">\n<p class=\"has-text-align-left has-medium-font-size\">\u2026 Birkin et Gainsbourg\u2026 Jane et Serge\u2026 la Muse et son Mentor\u2026<\/p>\n<\/div>\n<\/div>\n\n\n\n<div class=\"wp-block-columns is-layout-flex wp-container-core-columns-is-layout-d0b3c9c8 wp-block-columns-is-layout-flex\">\n<div class=\"wp-block-column is-layout-flow wp-block-column-is-layout-flow\" style=\"--col-width:66.66%;flex-basis:66.66%\">\n<p style=\"font-size:12px\">Un rendez-vous autour d\u2019une s\u00e9lection de chansons qui soulignent le g\u00e9nie d\u2019un compositeur aux multiples influences, maniant les mots avec minutie et virtuosit\u00e9.<\/p>\n\n\n\n<p style=\"font-size:12px\">Des textes servis par son \u00e9g\u00e9rie, ic\u00f4ne de la pop, au chant fr\u00eale et qui s&rsquo;est inscrite dans le patrimoine musical fran\u00e7ais, \u00e0 la faveur des compositions de Serge Gainsbourg.<br>Jane Birkin perp\u00e9tuera son \u0153uvre, avec tendresse.<\/p>\n\n\n\n<p class=\"has-text-align-left\" style=\"font-size:18px\">\u2026 Influences \u2026<\/p>\n\n\n\n<p style=\"font-size:12px\">Gainsbourg connaissait ses classiques !<\/p>\n\n\n\n<p style=\"font-size:12px\">Souligner les emprunts dans les \u0153uvres classiques qui ont nourri l&rsquo;imaginaire de Gainsbourg.<br>Les th\u00e8mes musicaux sont parfois largement inspir\u00e9s\u2026<br>Gainsbourg puise dans une \u00e9tude, un pr\u00e9lude, une sonate, une symphonie\u2026<\/p>\n\n\n\n<p style=\"font-size:12px\">Nous souhaitions dans ce tribute faire la part belle aux \u0153uvres ayant sp\u00e9cifiquement inspir\u00e9 \u00e0 Serge ses titres les plus c\u00e9l\u00e8bres, \u00e0 sa plume brillante dans sa recherche du mot pr\u00e9cis, du mot qui \u00ab sonne \u00bb et aux interpr\u00e9tations sensibles de Jane.<\/p>\n<\/div>\n\n\n\n<div class=\"wp-block-column is-layout-flow wp-block-column-is-layout-flow\" style=\"--col-width:33.33%;flex-basis:33.33%\">\n<figure class=\"wp-block-image size-full\"><img decoding=\"async\" src=\"https:\/\/theatredebagatelle.com\/wp-content\/uploads\/Affiche_BetG-c.jpg\" alt=\"\" class=\"wp-image-1441\"\/><figcaption class=\"wp-element-caption\">Gainsbourg Jane B.<br>Cr\u00e9ation 2024<\/figcaption><\/figure>\n<\/div>\n<\/div>\n\n\n\n<div style=\"height:20px\" aria-hidden=\"true\" class=\"wp-block-spacer\"><\/div>\n\n\n\n<figure class=\"wp-block-audio\"><audio controls src=\"https:\/\/theatredebagatelle.com\/wp-content\/uploads\/Teaser_radio_Gainsbourg_Birkin.mp3\"><\/audio><figcaption class=\"wp-element-caption\">Teaser Radio Birkin Gainsbourg<\/figcaption><\/figure>\n\n\n\n<hr class=\"wp-block-separator has-css-opacity\"\/>\n\n\n\n<div class=\"wp-block-columns is-layout-flex wp-container-core-columns-is-layout-d0b3c9c8 wp-block-columns-is-layout-flex\">\n<div class=\"wp-block-column is-layout-flow wp-block-column-is-layout-flow\">\n<figure class=\"wp-block-image size-full\"><a href=\"https:\/\/theatredebagatelle.com\/index.php\/videos\/\"><img loading=\"lazy\" decoding=\"async\" width=\"500\" height=\"164\" src=\"https:\/\/theatredebagatelle.com\/wp-content\/uploads\/Vign_VIDEOS-500x164-1.jpg\" alt=\"\" class=\"wp-image-895\" srcset=\"https:\/\/theatredebagatelle.com\/wp-content\/uploads\/Vign_VIDEOS-500x164-1.jpg 500w, https:\/\/theatredebagatelle.com\/wp-content\/uploads\/Vign_VIDEOS-500x164-1-300x98.jpg 300w\" sizes=\"auto, (max-width: 500px) 100vw, 500px\" \/><\/a><\/figure>\n<\/div>\n\n\n\n<div class=\"wp-block-column is-layout-flow wp-block-column-is-layout-flow\">\n<figure class=\"wp-block-image size-full\"><a href=\"https:\/\/theatredebagatelle.com\/index.php\/presse-g-j\/\"><img loading=\"lazy\" decoding=\"async\" width=\"500\" height=\"164\" src=\"https:\/\/theatredebagatelle.com\/wp-content\/uploads\/Vign_PRESSE-500x164-1.jpg\" alt=\"\" class=\"wp-image-877\" srcset=\"https:\/\/theatredebagatelle.com\/wp-content\/uploads\/Vign_PRESSE-500x164-1.jpg 500w, https:\/\/theatredebagatelle.com\/wp-content\/uploads\/Vign_PRESSE-500x164-1-300x98.jpg 300w\" sizes=\"auto, (max-width: 500px) 100vw, 500px\" \/><\/a><\/figure>\n<\/div>\n\n\n\n<div class=\"wp-block-column is-layout-flow wp-block-column-is-layout-flow\">\n<figure class=\"wp-block-image size-full\"><a href=\"https:\/\/theatredebagatelle.com\/index.php\/photos-gainsbourg-et-jane-b\/\"><img loading=\"lazy\" decoding=\"async\" width=\"500\" height=\"164\" src=\"https:\/\/theatredebagatelle.com\/wp-content\/uploads\/Vign_PHOTOS-500x164-1.jpg\" alt=\"\" class=\"wp-image-893\" srcset=\"https:\/\/theatredebagatelle.com\/wp-content\/uploads\/Vign_PHOTOS-500x164-1.jpg 500w, https:\/\/theatredebagatelle.com\/wp-content\/uploads\/Vign_PHOTOS-500x164-1-300x98.jpg 300w\" sizes=\"auto, (max-width: 500px) 100vw, 500px\" \/><\/a><\/figure>\n<\/div>\n<\/div>\n\n\n\n<div class=\"wp-block-columns is-layout-flex wp-container-core-columns-is-layout-d0b3c9c8 wp-block-columns-is-layout-flex\">\n<div class=\"wp-block-column is-layout-flow wp-block-column-is-layout-flow\">\n<p><a href=\"https:\/\/theatredebagatelle.com\/index.php\/autour-de-la-chanson-francaise\/\">Pr\u00e9c\u00e9dent<\/a><\/p>\n<\/div>\n\n\n\n<div class=\"wp-block-column is-layout-flow wp-block-column-is-layout-flow\">\n<p class=\"has-text-align-right\"><a href=\"https:\/\/theatredebagatelle.com\/index.php\/voyage-poetique-et-symphonique\/\">Suivant<\/a><\/p>\n<\/div>\n<\/div>\n\n\n","protected":false},"excerpt":{"rendered":"<p>Hommage au couple l\u00e9gendaire chant: Agn\u00e8s Ravauxpiano, chant et arrangements: Guillaume Giraud \u2026 Birkin et Gainsbourg\u2026 Jane et Serge\u2026 la Muse et son Mentor\u2026 Un rendez-vous autour d\u2019une s\u00e9lection de chansons qui soulignent le g\u00e9nie d\u2019un compositeur aux multiples influences, maniant les mots avec minutie et virtuosit\u00e9.<br \/> Des textes servis par son \u00e9g\u00e9rie, ic\u00f4ne de[\u2026]<\/p>\n","protected":false},"author":2,"featured_media":0,"parent":0,"menu_order":0,"comment_status":"closed","ping_status":"closed","template":"","meta":{"_acf_changed":false,"remove_blocks_before_content":false,"remove_blocks_after_content":false,"countdown_timer_date_events":"","disable_reading_progress_bar":false,"footnotes":""},"class_list":["post-1400","page","type-page","status-publish","hentry"],"acf":[],"_links":{"self":[{"href":"https:\/\/theatredebagatelle.com\/index.php\/wp-json\/wp\/v2\/pages\/1400","targetHints":{"allow":["GET"]}}],"collection":[{"href":"https:\/\/theatredebagatelle.com\/index.php\/wp-json\/wp\/v2\/pages"}],"about":[{"href":"https:\/\/theatredebagatelle.com\/index.php\/wp-json\/wp\/v2\/types\/page"}],"author":[{"embeddable":true,"href":"https:\/\/theatredebagatelle.com\/index.php\/wp-json\/wp\/v2\/users\/2"}],"replies":[{"embeddable":true,"href":"https:\/\/theatredebagatelle.com\/index.php\/wp-json\/wp\/v2\/comments?post=1400"}],"version-history":[{"count":26,"href":"https:\/\/theatredebagatelle.com\/index.php\/wp-json\/wp\/v2\/pages\/1400\/revisions"}],"predecessor-version":[{"id":1749,"href":"https:\/\/theatredebagatelle.com\/index.php\/wp-json\/wp\/v2\/pages\/1400\/revisions\/1749"}],"wp:attachment":[{"href":"https:\/\/theatredebagatelle.com\/index.php\/wp-json\/wp\/v2\/media?parent=1400"}],"curies":[{"name":"wp","href":"https:\/\/api.w.org\/{rel}","templated":true}]}}