{"id":180,"date":"2022-02-22T17:10:36","date_gmt":"2022-02-22T16:10:36","guid":{"rendered":"https:\/\/theatredebagatelle.com\/?page_id=180"},"modified":"2025-12-23T15:20:02","modified_gmt":"2025-12-23T14:20:02","slug":"intimement-barbara","status":"publish","type":"page","link":"https:\/\/theatredebagatelle.com\/index.php\/intimement-barbara\/","title":{"rendered":"\u00ab\u00a0intimement Barbara\u00a0\u00bb"},"content":{"rendered":"\n<div class=\"wp-block-group is-layout-flow wp-block-group-is-layout-flow\">\n<div class=\"wp-block-columns is-layout-flex wp-container-core-columns-is-layout-d0b3c9c8 wp-block-columns-is-layout-flex\">\n<div class=\"wp-block-column is-layout-flow wp-block-column-is-layout-flow\">\n<figure class=\"wp-block-image aligncenter size-full\"><img loading=\"lazy\" decoding=\"async\" width=\"800\" height=\"103\" src=\"https:\/\/theatredebagatelle.com\/wp-content\/uploads\/Titre_BARBARA-c.jpg\" alt=\"\" class=\"wp-image-356\" srcset=\"https:\/\/theatredebagatelle.com\/wp-content\/uploads\/Titre_BARBARA-c.jpg 800w, https:\/\/theatredebagatelle.com\/wp-content\/uploads\/Titre_BARBARA-c-300x39.jpg 300w, https:\/\/theatredebagatelle.com\/wp-content\/uploads\/Titre_BARBARA-c-768x99.jpg 768w\" sizes=\"auto, (max-width: 800px) 100vw, 800px\" \/><\/figure>\n\n\n\n<p class=\"has-large-font-size\">Cr\u00e9ation Festival Off Avignon<\/p>\n<\/div>\n<\/div>\n<\/div>\n\n\n\n<div class=\"wp-block-columns is-layout-flex wp-container-core-columns-is-layout-d0b3c9c8 wp-block-columns-is-layout-flex\">\n<div class=\"wp-block-column is-layout-flow wp-block-column-is-layout-flow\">\n<p>chant: Agn\u00e8s Ravaux<br>piano et chant: Guillaume Giraud<\/p>\n<\/div>\n<\/div>\n\n\n\n<div class=\"wp-block-columns is-layout-flex wp-container-core-columns-is-layout-d0b3c9c8 wp-block-columns-is-layout-flex\">\n<div class=\"wp-block-column is-layout-flow wp-block-column-is-layout-flow\">\n<p class=\"has-text-align-center has-medium-font-size\"><strong>\u00ab Voyage au c\u0153ur de l\u2019univers musical de la Grande Dame Brune \u00bb<\/strong><\/p>\n<\/div>\n<\/div>\n\n\n\n<div class=\"wp-block-columns is-layout-flex wp-container-core-columns-is-layout-d0b3c9c8 wp-block-columns-is-layout-flex\">\n<div class=\"wp-block-column justification_texte is-layout-flow wp-block-column-is-layout-flow\" style=\"--col-width:66.66%;flex-basis:66.66%\">\n<p class=\"jutex has-small-font-size\">Dans un r\u00e9cital intimiste, Agn\u00e8s Ravaux, se propose de rendre un hommage vibrant \u00e0 l\u2019artiste Barbara.<br>C\u2019est avec beaucoup d\u2019humilit\u00e9, de tendresse et de ferveur qu\u2019Agn\u00e8s vous invite \u00e0 voyager au c\u0153ur de l\u2019univers musical de la grande Dame Brune et de ses textes \u2026 intemporels.<\/p>\n\n\n\n<p class=\"jutex has-small-font-size\">Une remarquable interpr\u00e9tation, si personnelle, et \u00e0 la fois, si proche.<\/p>\n\n\n\n<p class=\"jutex has-small-font-size\">Un spectacle plein de gr\u00e2ce, d\u2019une grande d\u00e9licatesse,<br>une belle et douce \u00e9nergie, une grande sinc\u00e9rit\u00e9.<\/p>\n\n\n\n<p class=\"jutex has-small-font-size\">Agn\u00e8s est accompagn\u00e9e sur sc\u00e8ne par le pianiste Guillaume Giraud.<br>Les deux artistes se proposent de nous d\u00e9voiler,<br>dans un spectacle \u00e0 fleur de peau, leur complicit\u00e9 musicale.<\/p>\n<\/div>\n\n\n\n<div class=\"wp-block-column is-layout-flow wp-block-column-is-layout-flow\" style=\"--col-width:33.33%;flex-basis:33.33%\">\n<figure class=\"wp-block-image size-full\"><img loading=\"lazy\" decoding=\"async\" width=\"355\" height=\"500\" src=\"https:\/\/theatredebagatelle.com\/wp-content\/uploads\/Affiche_Barbara_Intimement.jpg\" alt=\"\" class=\"wp-image-1764\" srcset=\"https:\/\/theatredebagatelle.com\/wp-content\/uploads\/Affiche_Barbara_Intimement.jpg 355w, https:\/\/theatredebagatelle.com\/wp-content\/uploads\/Affiche_Barbara_Intimement-213x300.jpg 213w\" sizes=\"auto, (max-width: 355px) 100vw, 355px\" \/><figcaption class=\"wp-element-caption\"><em>\u00ab\u00a0intimement Barbara\u00a0\u00bb<br>duo piano &#8211; voix<\/em><\/figcaption><\/figure>\n<\/div>\n<\/div>\n\n\n\n<p class=\"jutex has-small-font-size\"><em>L\u2019h\u00e9riti\u00e8re tant attendue de Barbara<br>\u00ab Maintes fois imit\u00e9e, il lui fallait une h\u00e9riti\u00e8re qui poss\u00e8de l\u2019humilit\u00e9 de ne pas tomber<br>dans le plagiat, mais avec le talent, l\u2019\u00e9motion, la pr\u00e9sence de la Dame au piano noir.<br>Cette perle rare existe, elle se nomme Agn\u00e8s Ravaux.<br>Un timbre de voix et un style th\u00e9\u00e2tral proches de la divine chanteuse,<br>une intense sensibilit\u00e9 dans l\u2019interpr\u00e9tation. \u00bb<\/em><\/p>\n\n\n\n<div style=\"height:5px\" aria-hidden=\"true\" class=\"wp-block-spacer\"><\/div>\n\n\n\n<hr class=\"wp-block-separator has-css-opacity\"\/>\n\n\n\n<p class=\"has-text-align-center\">Quelques extraits \u00e0 l&rsquo;\u00e9coute&#8230;<br><br><\/p>\n\n\n\n<figure class=\"wp-block-audio\"><audio controls src=\"https:\/\/theatredebagatelle.com\/wp-content\/uploads\/l_aigle_noir.mp3\"><\/audio><figcaption class=\"wp-element-caption\">L&rsquo;aigle noir<\/figcaption><\/figure>\n\n\n\n<figure class=\"wp-block-audio\"><audio controls src=\"https:\/\/theatredebagatelle.com\/wp-content\/uploads\/gottingen.mp3\"><\/audio><figcaption class=\"wp-element-caption\">G\u00f6ttingen<\/figcaption><\/figure>\n\n\n\n<figure class=\"wp-block-audio\"><audio controls src=\"https:\/\/theatredebagatelle.com\/wp-content\/uploads\/du_bout_des_levres.mp3\"><\/audio><figcaption class=\"wp-element-caption\">Du bout des l\u00e8vres<\/figcaption><\/figure>\n\n\n\n<hr class=\"wp-block-separator has-css-opacity\"\/>\n\n\n\n<div class=\"wp-block-columns is-layout-flex wp-container-core-columns-is-layout-d0b3c9c8 wp-block-columns-is-layout-flex\">\n<div class=\"wp-block-column is-layout-flow wp-block-column-is-layout-flow\">\n<figure class=\"wp-block-image size-full\"><a href=\"https:\/\/theatredebagatelle.com\/index.php\/videos\/\"><img loading=\"lazy\" decoding=\"async\" width=\"500\" height=\"164\" src=\"https:\/\/theatredebagatelle.com\/wp-content\/uploads\/Vign_VIDEOS-500x164-1.jpg\" alt=\"\" class=\"wp-image-895\" srcset=\"https:\/\/theatredebagatelle.com\/wp-content\/uploads\/Vign_VIDEOS-500x164-1.jpg 500w, https:\/\/theatredebagatelle.com\/wp-content\/uploads\/Vign_VIDEOS-500x164-1-300x98.jpg 300w\" sizes=\"auto, (max-width: 500px) 100vw, 500px\" \/><\/a><\/figure>\n<\/div>\n\n\n\n<div class=\"wp-block-column is-layout-flow wp-block-column-is-layout-flow\">\n<figure class=\"wp-block-image size-full\"><a href=\"https:\/\/theatredebagatelle.com\/index.php\/presse-barbara\/\"><img loading=\"lazy\" decoding=\"async\" width=\"500\" height=\"164\" src=\"https:\/\/theatredebagatelle.com\/wp-content\/uploads\/Vign_PRESSE-500x164-1.jpg\" alt=\"\" class=\"wp-image-877\" srcset=\"https:\/\/theatredebagatelle.com\/wp-content\/uploads\/Vign_PRESSE-500x164-1.jpg 500w, https:\/\/theatredebagatelle.com\/wp-content\/uploads\/Vign_PRESSE-500x164-1-300x98.jpg 300w\" sizes=\"auto, (max-width: 500px) 100vw, 500px\" \/><\/a><\/figure>\n<\/div>\n\n\n\n<div class=\"wp-block-column is-layout-flow wp-block-column-is-layout-flow\">\n<figure class=\"wp-block-image size-full\"><a href=\"https:\/\/theatredebagatelle.com\/index.php\/photos-barbara\/\"><img loading=\"lazy\" decoding=\"async\" width=\"500\" height=\"164\" src=\"https:\/\/theatredebagatelle.com\/wp-content\/uploads\/Vign_PHOTOS-500x164-1.jpg\" alt=\"\" class=\"wp-image-893\" srcset=\"https:\/\/theatredebagatelle.com\/wp-content\/uploads\/Vign_PHOTOS-500x164-1.jpg 500w, https:\/\/theatredebagatelle.com\/wp-content\/uploads\/Vign_PHOTOS-500x164-1-300x98.jpg 300w\" sizes=\"auto, (max-width: 500px) 100vw, 500px\" \/><\/a><\/figure>\n<\/div>\n<\/div>\n\n\n\n<div class=\"wp-block-columns is-layout-flex wp-container-core-columns-is-layout-d0b3c9c8 wp-block-columns-is-layout-flex\">\n<div class=\"wp-block-column is-layout-flow wp-block-column-is-layout-flow\">\n<p><a href=\"https:\/\/theatredebagatelle.com\/index.php\/gainsbourg-et-jane-b\/\">Pr\u00e9c\u00e9dent<\/a><\/p>\n<\/div>\n\n\n\n<div class=\"wp-block-column is-layout-flow wp-block-column-is-layout-flow\">\n<p class=\"has-text-align-right\"><a href=\"https:\/\/theatredebagatelle.com\/index.php\/de-lecluse-a-la-scene\/\">Suivant<\/a><\/p>\n<\/div>\n<\/div>\n","protected":false},"excerpt":{"rendered":"<p>Cr\u00e9ation Festival Off Avignon chant: Agn\u00e8s Ravauxpiano et chant: Guillaume Giraud \u00ab Voyage au c\u0153ur de l\u2019univers musical de la Grande Dame Brune \u00bb Dans un r\u00e9cital intimiste, Agn\u00e8s Ravaux, se propose de rendre un hommage vibrant \u00e0 l\u2019artiste Barbara.<br \/>C\u2019est avec beaucoup d\u2019humilit\u00e9, de tendresse et de ferveur qu\u2019Agn\u00e8s vous invite \u00e0 voyager au c\u0153ur[\u2026]<\/p>\n","protected":false},"author":2,"featured_media":0,"parent":0,"menu_order":0,"comment_status":"closed","ping_status":"closed","template":"","meta":{"_acf_changed":false,"remove_blocks_before_content":false,"remove_blocks_after_content":false,"countdown_timer_date_events":"","disable_reading_progress_bar":false,"footnotes":""},"class_list":["post-180","page","type-page","status-publish","hentry"],"acf":[],"_links":{"self":[{"href":"https:\/\/theatredebagatelle.com\/index.php\/wp-json\/wp\/v2\/pages\/180","targetHints":{"allow":["GET"]}}],"collection":[{"href":"https:\/\/theatredebagatelle.com\/index.php\/wp-json\/wp\/v2\/pages"}],"about":[{"href":"https:\/\/theatredebagatelle.com\/index.php\/wp-json\/wp\/v2\/types\/page"}],"author":[{"embeddable":true,"href":"https:\/\/theatredebagatelle.com\/index.php\/wp-json\/wp\/v2\/users\/2"}],"replies":[{"embeddable":true,"href":"https:\/\/theatredebagatelle.com\/index.php\/wp-json\/wp\/v2\/comments?post=180"}],"version-history":[{"count":45,"href":"https:\/\/theatredebagatelle.com\/index.php\/wp-json\/wp\/v2\/pages\/180\/revisions"}],"predecessor-version":[{"id":1765,"href":"https:\/\/theatredebagatelle.com\/index.php\/wp-json\/wp\/v2\/pages\/180\/revisions\/1765"}],"wp:attachment":[{"href":"https:\/\/theatredebagatelle.com\/index.php\/wp-json\/wp\/v2\/media?parent=180"}],"curies":[{"name":"wp","href":"https:\/\/api.w.org\/{rel}","templated":true}]}}