{"id":214,"date":"2022-02-23T11:10:55","date_gmt":"2022-02-23T10:10:55","guid":{"rendered":"https:\/\/theatredebagatelle.com\/?page_id=214"},"modified":"2022-03-24T14:34:02","modified_gmt":"2022-03-24T13:34:02","slug":"un-piano-pour-brassens","status":"publish","type":"page","link":"https:\/\/theatredebagatelle.com\/index.php\/un-piano-pour-brassens\/","title":{"rendered":"\u00ab\u00a0Un Piano pour Brassens\u00a0\u00bb"},"content":{"rendered":"\n<div class=\"wp-block-group is-layout-flow wp-block-group-is-layout-flow\">\n<div class=\"wp-block-columns is-layout-flex wp-container-core-columns-is-layout-d0b3c9c8 wp-block-columns-is-layout-flex\">\n<div class=\"wp-block-column is-layout-flow wp-block-column-is-layout-flow\">\n<figure class=\"wp-block-image size-full\"><img loading=\"lazy\" decoding=\"async\" width=\"800\" height=\"103\" src=\"https:\/\/theatredebagatelle.com\/wp-content\/uploads\/Titre_BRASSENS-c.jpg\" alt=\"\" class=\"wp-image-357\" srcset=\"https:\/\/theatredebagatelle.com\/wp-content\/uploads\/Titre_BRASSENS-c.jpg 800w, https:\/\/theatredebagatelle.com\/wp-content\/uploads\/Titre_BRASSENS-c-300x39.jpg 300w, https:\/\/theatredebagatelle.com\/wp-content\/uploads\/Titre_BRASSENS-c-768x99.jpg 768w\" sizes=\"auto, (max-width: 800px) 100vw, 800px\" \/><\/figure>\n\n\n\n<p class=\"has-large-font-size\">Cr\u00e9ation Festival Off Avignon<\/p>\n<\/div>\n<\/div>\n<\/div>\n\n\n\n<div class=\"wp-block-columns is-layout-flex wp-container-core-columns-is-layout-d0b3c9c8 wp-block-columns-is-layout-flex\">\n<div class=\"wp-block-column is-layout-flow wp-block-column-is-layout-flow\">\n<p>chant: Agn\u00e8s Ravaux<br>piano et chant: Guillaume Giraud<\/p>\n<\/div>\n<\/div>\n\n\n\n<div class=\"wp-block-columns is-layout-flex wp-container-core-columns-is-layout-d0b3c9c8 wp-block-columns-is-layout-flex\">\n<div class=\"wp-block-column is-layout-flow wp-block-column-is-layout-flow\">\n<p class=\"has-text-align-center has-medium-font-size\"><strong>\u00ab Hommage original \u00e0 Georges Brassens \u00bb<\/strong><\/p>\n\n\n\n<p class=\"has-text-align-center has-small-font-size\"><em>Une approche d\u00e9licate &#8211; po\u00e9sie &#8211; humour et provocation<\/em><br><\/p>\n<\/div>\n<\/div>\n\n\n\n<div class=\"wp-block-columns is-layout-flex wp-container-core-columns-is-layout-d0b3c9c8 wp-block-columns-is-layout-flex\">\n<div class=\"wp-block-column is-layout-flow wp-block-column-is-layout-flow\" style=\"--col-width:66.66%;flex-basis:66.66%\">\n<p class=\"jutex has-small-font-size\">Pas de guitare, mais un piano pour servir, dans ce spectacle, les textes du po\u00e8te.<br>Guillaume Giraud fait un clin d\u2019oeil \u00e0 son ma\u00eetre en choisissant dans son r\u00e9pertoire, des chansons peut-\u00eatre pas des plus connues, mais refl\u00e9tant les diff\u00e9rentes facettes de l\u2019auteur :<br>Brassens et la libert\u00e9, Brassens et les po\u00e8tes, Brassens et les femmes\u2026 l\u2019\u00e9glise\u2026 la mort\u2026<\/p>\n\n\n\n<p class=\"jutex has-small-font-size\">Autant de sujets qu\u2019il abordera toujours avec humour et hardiesse.<\/p>\n\n\n\n<p class=\"jutex has-small-font-size\">Vid\u00e9os et bandes sonores illustreront certains moments fac\u00e9tieux t\u00e9moignant de l\u2019homme joueur, jovial, pince sans rire, pudique surtout, parfois maladroit.<\/p>\n\n\n\n<p class=\"jutex has-small-font-size\">Des instants de fra\u00eecheur \u00e0 travers les premi\u00e8res auditions aupr\u00e8s de l\u2019h\u00e9bergeuse de talents\u2026<br>Nous sommes en 1952, chez Patachou.<\/p>\n\n\n\n<p class=\"jutex has-small-font-size\">Pas de guitare, mais un piano, une chaleur de voix et d\u2019humeur pour vous faire vivre\u2026 Monsieur le Po\u00e8te.<\/p>\n<\/div>\n\n\n\n<div class=\"wp-block-column is-layout-flow wp-block-column-is-layout-flow\" style=\"--col-width:33.33%;flex-basis:33.33%\">\n<figure class=\"wp-block-image size-full\"><img loading=\"lazy\" decoding=\"async\" width=\"355\" height=\"500\" src=\"https:\/\/theatredebagatelle.com\/wp-content\/uploads\/aff_brassens-c.jpg\" alt=\"\" class=\"wp-image-283\" srcset=\"https:\/\/theatredebagatelle.com\/wp-content\/uploads\/aff_brassens-c.jpg 355w, https:\/\/theatredebagatelle.com\/wp-content\/uploads\/aff_brassens-c-213x300.jpg 213w\" sizes=\"auto, (max-width: 355px) 100vw, 355px\" \/><\/figure>\n<\/div>\n<\/div>\n\n\n\n<p class=\"jutex has-small-font-size\"><em>Agn\u00e8s Ravaux joue les illustrations, muse et partenaire de talent elle apporte son jeu plein de fra\u00eecheur et sa voix toujours sur le fil.<br>Elle est la respiration du spectacle.<\/em><\/p>\n\n\n\n<div style=\"height:5px\" aria-hidden=\"true\" class=\"wp-block-spacer\"><\/div>\n\n\n\n<hr class=\"wp-block-separator\"\/>\n\n\n\n<p class=\"has-text-align-center\">Quelques extraits \u00e0 l&rsquo;\u00e9coute<br><\/p>\n\n\n\n<figure class=\"wp-block-audio\"><audio controls src=\"https:\/\/theatredebagatelle.com\/wp-content\/uploads\/maman_papa.mp3\"><\/audio><figcaption>Maman, Papa<\/figcaption><\/figure>\n\n\n\n<figure class=\"wp-block-audio\"><audio controls src=\"https:\/\/theatredebagatelle.com\/wp-content\/uploads\/la_file_indienne.mp3\"><\/audio><figcaption>La file indienne<\/figcaption><\/figure>\n\n\n\n<figure class=\"wp-block-audio\"><audio controls src=\"https:\/\/theatredebagatelle.com\/wp-content\/uploads\/saturne.mp3\"><\/audio><figcaption>Saturne<\/figcaption><\/figure>\n\n\n\n<hr class=\"wp-block-separator\"\/>\n\n\n\n<div class=\"wp-block-columns is-layout-flex wp-container-core-columns-is-layout-d0b3c9c8 wp-block-columns-is-layout-flex\">\n<div class=\"wp-block-column is-layout-flow wp-block-column-is-layout-flow\">\n<figure class=\"wp-block-image size-full\"><a href=\"https:\/\/theatredebagatelle.com\/index.php\/videos\/\"><img loading=\"lazy\" decoding=\"async\" width=\"500\" height=\"164\" src=\"https:\/\/theatredebagatelle.com\/wp-content\/uploads\/Vign_VIDEOS-500x164-1.jpg\" alt=\"\" class=\"wp-image-895\" srcset=\"https:\/\/theatredebagatelle.com\/wp-content\/uploads\/Vign_VIDEOS-500x164-1.jpg 500w, https:\/\/theatredebagatelle.com\/wp-content\/uploads\/Vign_VIDEOS-500x164-1-300x98.jpg 300w\" sizes=\"auto, (max-width: 500px) 100vw, 500px\" \/><\/a><\/figure>\n<\/div>\n\n\n\n<div class=\"wp-block-column is-layout-flow wp-block-column-is-layout-flow\">\n<figure class=\"wp-block-image size-full\"><a href=\"https:\/\/theatredebagatelle.com\/index.php\/presse-brassens\/\"><img loading=\"lazy\" decoding=\"async\" width=\"500\" height=\"164\" src=\"https:\/\/theatredebagatelle.com\/wp-content\/uploads\/Vign_PRESSE-500x164-1.jpg\" alt=\"\" class=\"wp-image-877\" srcset=\"https:\/\/theatredebagatelle.com\/wp-content\/uploads\/Vign_PRESSE-500x164-1.jpg 500w, https:\/\/theatredebagatelle.com\/wp-content\/uploads\/Vign_PRESSE-500x164-1-300x98.jpg 300w\" sizes=\"auto, (max-width: 500px) 100vw, 500px\" \/><\/a><\/figure>\n<\/div>\n\n\n\n<div class=\"wp-block-column is-layout-flow wp-block-column-is-layout-flow\">\n<figure class=\"wp-block-image size-full\"><a href=\"https:\/\/theatredebagatelle.com\/index.php\/photos-un-piano-pour-brassens\/\"><img loading=\"lazy\" decoding=\"async\" width=\"500\" height=\"164\" src=\"https:\/\/theatredebagatelle.com\/wp-content\/uploads\/Vign_PHOTOS-500x164-1.jpg\" alt=\"\" class=\"wp-image-893\" srcset=\"https:\/\/theatredebagatelle.com\/wp-content\/uploads\/Vign_PHOTOS-500x164-1.jpg 500w, https:\/\/theatredebagatelle.com\/wp-content\/uploads\/Vign_PHOTOS-500x164-1-300x98.jpg 300w\" sizes=\"auto, (max-width: 500px) 100vw, 500px\" \/><\/a><\/figure>\n<\/div>\n<\/div>\n\n\n\n<div class=\"wp-block-columns are-vertically-aligned-top is-layout-flex wp-container-core-columns-is-layout-d0b3c9c8 wp-block-columns-is-layout-flex\">\n<div class=\"wp-block-column is-vertically-aligned-top is-layout-flow wp-block-column-is-layout-flow\">\n<p><a href=\"https:\/\/theatredebagatelle.com\/index.php\/de-lecluse-a-la-scene\/\">Pr\u00e9c\u00e9dent<\/a><\/p>\n<\/div>\n\n\n\n<div class=\"wp-block-column is-vertically-aligned-top is-layout-flow wp-block-column-is-layout-flow\">\n<p class=\"has-text-align-right\"><a href=\"https:\/\/theatredebagatelle.com\/index.php\/comme-des-moulins-a-vian\/\">Suivant<\/a><\/p>\n<\/div>\n<\/div>\n","protected":false},"excerpt":{"rendered":"<p>Cr\u00e9ation Festival Off Avignon chant: Agn\u00e8s Ravauxpiano et chant: Guillaume Giraud \u00ab Hommage original \u00e0 Georges Brassens \u00bb Une approche d\u00e9licate &#8211; po\u00e9sie &#8211; humour et provocation Pas de guitare, mais un piano pour servir, dans ce spectacle, les textes du po\u00e8te.<br \/>Guillaume Giraud fait un clin d\u2019oeil \u00e0 son ma\u00eetre en choisissant dans son r\u00e9pertoire,[\u2026]<\/p>\n","protected":false},"author":2,"featured_media":0,"parent":0,"menu_order":0,"comment_status":"closed","ping_status":"closed","template":"","meta":{"_acf_changed":false,"remove_blocks_before_content":false,"remove_blocks_after_content":false,"countdown_timer_date_events":"","disable_reading_progress_bar":false,"footnotes":""},"class_list":["post-214","page","type-page","status-publish","hentry"],"acf":[],"_links":{"self":[{"href":"https:\/\/theatredebagatelle.com\/index.php\/wp-json\/wp\/v2\/pages\/214","targetHints":{"allow":["GET"]}}],"collection":[{"href":"https:\/\/theatredebagatelle.com\/index.php\/wp-json\/wp\/v2\/pages"}],"about":[{"href":"https:\/\/theatredebagatelle.com\/index.php\/wp-json\/wp\/v2\/types\/page"}],"author":[{"embeddable":true,"href":"https:\/\/theatredebagatelle.com\/index.php\/wp-json\/wp\/v2\/users\/2"}],"replies":[{"embeddable":true,"href":"https:\/\/theatredebagatelle.com\/index.php\/wp-json\/wp\/v2\/comments?post=214"}],"version-history":[{"count":25,"href":"https:\/\/theatredebagatelle.com\/index.php\/wp-json\/wp\/v2\/pages\/214\/revisions"}],"predecessor-version":[{"id":1155,"href":"https:\/\/theatredebagatelle.com\/index.php\/wp-json\/wp\/v2\/pages\/214\/revisions\/1155"}],"wp:attachment":[{"href":"https:\/\/theatredebagatelle.com\/index.php\/wp-json\/wp\/v2\/media?parent=214"}],"curies":[{"name":"wp","href":"https:\/\/api.w.org\/{rel}","templated":true}]}}