{"id":250,"date":"2022-02-23T12:44:48","date_gmt":"2022-02-23T11:44:48","guid":{"rendered":"https:\/\/theatredebagatelle.com\/?page_id=250"},"modified":"2025-09-24T17:19:47","modified_gmt":"2025-09-24T15:19:47","slug":"accueil","status":"publish","type":"page","link":"https:\/\/theatredebagatelle.com\/","title":{"rendered":"Accueil"},"content":{"rendered":"\n<div class=\"wp-block-columns is-layout-flex wp-container-core-columns-is-layout-d0b3c9c8 wp-block-columns-is-layout-flex\">\n<div class=\"wp-block-column is-layout-flow wp-block-column-is-layout-flow\">\n<p class=\"has-text-align-center has-large-font-size\"><strong>A propos de Th\u00e9\u00e2tre de Bagatelle<\/strong><\/p>\n\n\n\n<p class=\"jutex has-white-color has-black-background-color has-text-color has-background has-link-color wp-elements-a458ebe206a5ff8ef0a6606f4262d848\" style=\"font-size:14px\"><strong>T<\/strong>h\u00e9\u00e2tre de <strong>B<\/strong>agatelle est une structure artistique qui a vu le jour en 2007<br>suite \u00e0 la rencontre de deux artistes vouant une m\u00eame passion pour les mots,<br>la musique et les textes chant\u00e9s.<br>Ils d\u00e9fendent la po\u00e9sie et les belles lettres, celles qui se disent ou se m\u00e9lodisent,<br>lorsque la musique devient un exhausteur de mots\u2026<br>Guillaume Giraud chante, \u00e9crit, compose\u2026, il accompagne au piano Agn\u00e8s Ravaux, <br>interpr\u00e8te de passion et d\u2019\u00e9motions.<\/p>\n\n\n\n<p class=\"justification_texte has-white-color has-black-background-color has-text-color has-background has-link-color wp-elements-d4b1a7c75f44f8af4bfe2b550387679c\" style=\"font-size:14px\">Depuis ce jour, plusieurs cr\u00e9ations de spectacles musicaux.<br>Des spectacles habill\u00e9s d\u2019une mise en sc\u00e8ne toujours pr\u00e9cise et \u00e9pur\u00e9e,<br>laissant place \u00e0 l\u2019\u00e9l\u00e9gance et \u00e0 la virtuosit\u00e9 des artistes.<\/p>\n\n\n\n<div class=\"wp-block-columns is-layout-flex wp-container-core-columns-is-layout-d0b3c9c8 wp-block-columns-is-layout-flex\">\n<div class=\"wp-block-column is-layout-flow wp-block-column-is-layout-flow\">\n<figure class=\"wp-block-image size-medium\"><a href=\"https:\/\/theatredebagatelle.com\/index.php\/gainsbourg-et-jane-b\/\"><img decoding=\"async\" src=\"https:\/\/theatredebagatelle.com\/wp-content\/uploads\/Titre_GetJB-c-300x39.jpg\" alt=\"\" class=\"wp-image-1450\"\/><\/a><figcaption class=\"wp-element-caption\">Nouvelle cr\u00e9ation 2024<\/figcaption><\/figure>\n<\/div>\n\n\n\n<div class=\"wp-block-column is-layout-flow wp-block-column-is-layout-flow\">\n<figure class=\"wp-block-image size-full\"><a href=\"https:\/\/theatredebagatelle.com\/index.php\/voyage-poetique-et-symphonique\/\"><img loading=\"lazy\" decoding=\"async\" width=\"800\" height=\"103\" src=\"https:\/\/theatredebagatelle.com\/wp-content\/uploads\/Titre_Guillaume_Voyage-1.jpg\" alt=\"\" class=\"wp-image-1601\" srcset=\"https:\/\/theatredebagatelle.com\/wp-content\/uploads\/Titre_Guillaume_Voyage-1.jpg 800w, https:\/\/theatredebagatelle.com\/wp-content\/uploads\/Titre_Guillaume_Voyage-1-300x39.jpg 300w, https:\/\/theatredebagatelle.com\/wp-content\/uploads\/Titre_Guillaume_Voyage-1-768x99.jpg 768w\" sizes=\"auto, (max-width: 800px) 100vw, 800px\" \/><\/a><figcaption class=\"wp-element-caption\">Guillaume Giraud<br>Cr\u00e9ation 2025<\/figcaption><\/figure>\n<\/div>\n<\/div>\n\n\n\n<div class=\"wp-block-columns is-layout-flex wp-container-core-columns-is-layout-d0b3c9c8 wp-block-columns-is-layout-flex\">\n<div class=\"wp-block-column is-layout-flow wp-block-column-is-layout-flow\">\n<figure class=\"wp-block-image aligncenter size-full\"><a href=\"https:\/\/theatredebagatelle.com\/index.php\/intimement-barbara\/\"><img loading=\"lazy\" decoding=\"async\" width=\"800\" height=\"103\" src=\"https:\/\/theatredebagatelle.com\/wp-content\/uploads\/Titre_BARBARA-c.jpg\" alt=\"\" class=\"wp-image-356\" srcset=\"https:\/\/theatredebagatelle.com\/wp-content\/uploads\/Titre_BARBARA-c.jpg 800w, https:\/\/theatredebagatelle.com\/wp-content\/uploads\/Titre_BARBARA-c-300x39.jpg 300w, https:\/\/theatredebagatelle.com\/wp-content\/uploads\/Titre_BARBARA-c-768x99.jpg 768w\" sizes=\"auto, (max-width: 800px) 100vw, 800px\" \/><\/a><figcaption class=\"wp-element-caption\">Cr\u00e9ation Avignon 2007<\/figcaption><\/figure>\n<\/div>\n\n\n\n<div class=\"wp-block-column is-layout-flow wp-block-column-is-layout-flow\">\n<figure class=\"wp-block-image aligncenter size-full\"><a href=\"https:\/\/theatredebagatelle.com\/index.php\/de-lecluse-a-la-scene\/\"><img loading=\"lazy\" decoding=\"async\" width=\"800\" height=\"103\" src=\"https:\/\/theatredebagatelle.com\/wp-content\/uploads\/Titre_ECLUSE-c.jpg\" alt=\"\" class=\"wp-image-358\" srcset=\"https:\/\/theatredebagatelle.com\/wp-content\/uploads\/Titre_ECLUSE-c.jpg 800w, https:\/\/theatredebagatelle.com\/wp-content\/uploads\/Titre_ECLUSE-c-300x39.jpg 300w, https:\/\/theatredebagatelle.com\/wp-content\/uploads\/Titre_ECLUSE-c-768x99.jpg 768w\" sizes=\"auto, (max-width: 800px) 100vw, 800px\" \/><\/a><figcaption class=\"wp-element-caption\">Cr\u00e9ation Avignon 2010<\/figcaption><\/figure>\n<\/div>\n<\/div>\n\n\n\n<div class=\"wp-block-columns tw-gutter-no is-layout-flex wp-container-core-columns-is-layout-d0b3c9c8 wp-block-columns-is-layout-flex\">\n<div class=\"wp-block-column is-layout-flow wp-block-column-is-layout-flow\">\n<figure class=\"wp-block-image size-full\"><a href=\"https:\/\/theatredebagatelle.com\/index.php\/un-piano-pour-brassens\/\"><img loading=\"lazy\" decoding=\"async\" width=\"800\" height=\"103\" src=\"https:\/\/theatredebagatelle.com\/wp-content\/uploads\/Titre_BRASSENS-c.jpg\" alt=\"\" class=\"wp-image-357\" srcset=\"https:\/\/theatredebagatelle.com\/wp-content\/uploads\/Titre_BRASSENS-c.jpg 800w, https:\/\/theatredebagatelle.com\/wp-content\/uploads\/Titre_BRASSENS-c-300x39.jpg 300w, https:\/\/theatredebagatelle.com\/wp-content\/uploads\/Titre_BRASSENS-c-768x99.jpg 768w\" sizes=\"auto, (max-width: 800px) 100vw, 800px\" \/><\/a><figcaption class=\"wp-element-caption\">Cr\u00e9ation Avignon 2013<\/figcaption><\/figure>\n<\/div>\n\n\n\n<div class=\"wp-block-column is-layout-flow wp-block-column-is-layout-flow\">\n<figure class=\"wp-block-image size-full\"><a href=\"https:\/\/theatredebagatelle.com\/index.php\/comme-des-moulins-a-vian\/\"><img loading=\"lazy\" decoding=\"async\" width=\"800\" height=\"103\" src=\"https:\/\/theatredebagatelle.com\/wp-content\/uploads\/Titre_VIAN-c.jpg\" alt=\"\" class=\"wp-image-359\" srcset=\"https:\/\/theatredebagatelle.com\/wp-content\/uploads\/Titre_VIAN-c.jpg 800w, https:\/\/theatredebagatelle.com\/wp-content\/uploads\/Titre_VIAN-c-300x39.jpg 300w, https:\/\/theatredebagatelle.com\/wp-content\/uploads\/Titre_VIAN-c-768x99.jpg 768w\" sizes=\"auto, (max-width: 800px) 100vw, 800px\" \/><\/a><figcaption class=\"wp-element-caption\">Cr\u00e9ation 2020 <\/figcaption><\/figure>\n<\/div>\n<\/div>\n\n\n\n<div class=\"wp-block-columns is-layout-flex wp-container-core-columns-is-layout-d0b3c9c8 wp-block-columns-is-layout-flex\">\n<div class=\"wp-block-column is-layout-flow wp-block-column-is-layout-flow\" style=\"--col-width:25%;flex-basis:25%\"><\/div>\n\n\n\n<div class=\"wp-block-column is-layout-flow wp-block-column-is-layout-flow\" style=\"--col-width:50%;flex-basis:50%\">\n<figure class=\"wp-block-image size-medium\"><a href=\"https:\/\/theatredebagatelle.com\/index.php\/sous-laile-de-la-mome\/\"><img loading=\"lazy\" decoding=\"async\" width=\"300\" height=\"39\" src=\"https:\/\/theatredebagatelle.com\/wp-content\/uploads\/Titre_Piaf_Aznavour-300x39.jpg\" alt=\"\" class=\"wp-image-1719\" srcset=\"https:\/\/theatredebagatelle.com\/wp-content\/uploads\/Titre_Piaf_Aznavour-300x39.jpg 300w, https:\/\/theatredebagatelle.com\/wp-content\/uploads\/Titre_Piaf_Aznavour-768x99.jpg 768w, https:\/\/theatredebagatelle.com\/wp-content\/uploads\/Titre_Piaf_Aznavour.jpg 800w\" sizes=\"auto, (max-width: 300px) 100vw, 300px\" \/><\/a><figcaption class=\"wp-element-caption\">Cr\u00e9ation 2025<\/figcaption><\/figure>\n<\/div>\n\n\n\n<div class=\"wp-block-column is-layout-flow wp-block-column-is-layout-flow\" style=\"--col-width:25%;flex-basis:25%\"><\/div>\n<\/div>\n\n\n\n<div class=\"wp-block-columns is-layout-flex wp-container-core-columns-is-layout-d0b3c9c8 wp-block-columns-is-layout-flex\">\n<div class=\"wp-block-column is-layout-flow wp-block-column-is-layout-flow\">\n<figure class=\"wp-block-image size-medium\"><a href=\"https:\/\/theatredebagatelle.com\/index.php\/guillaume-giraud-trio\/\"><img loading=\"lazy\" decoding=\"async\" width=\"300\" height=\"39\" src=\"https:\/\/theatredebagatelle.com\/wp-content\/uploads\/Titre_Guillaume_Trio-c-300x39.jpg\" alt=\"\" class=\"wp-image-1247\" srcset=\"https:\/\/theatredebagatelle.com\/wp-content\/uploads\/Titre_Guillaume_Trio-c-300x39.jpg 300w, https:\/\/theatredebagatelle.com\/wp-content\/uploads\/Titre_Guillaume_Trio-c-768x99.jpg 768w, https:\/\/theatredebagatelle.com\/wp-content\/uploads\/Titre_Guillaume_Trio-c.jpg 800w\" sizes=\"auto, (max-width: 300px) 100vw, 300px\" \/><\/a><figcaption class=\"wp-element-caption\">Cr\u00e9atiion 2022<\/figcaption><\/figure>\n<\/div>\n\n\n\n<div class=\"wp-block-column is-layout-flow wp-block-column-is-layout-flow\">\n<figure class=\"wp-block-image aligncenter size-medium\"><a href=\"https:\/\/theatredebagatelle.com\/index.php\/bagatelle\/\"><img loading=\"lazy\" decoding=\"async\" width=\"300\" height=\"39\" src=\"https:\/\/theatredebagatelle.com\/wp-content\/uploads\/Titre_Bagatelle_Guillaume_c-300x39.jpg\" alt=\"\" class=\"wp-image-355\" srcset=\"https:\/\/theatredebagatelle.com\/wp-content\/uploads\/Titre_Bagatelle_Guillaume_c-300x39.jpg 300w, https:\/\/theatredebagatelle.com\/wp-content\/uploads\/Titre_Bagatelle_Guillaume_c-768x99.jpg 768w, https:\/\/theatredebagatelle.com\/wp-content\/uploads\/Titre_Bagatelle_Guillaume_c.jpg 800w\" sizes=\"auto, (max-width: 300px) 100vw, 300px\" \/><\/a><figcaption class=\"wp-element-caption\">\u00ab\u00a0Bagatelle\u00a0\u00bb Guillaume Giraud<\/figcaption><\/figure>\n<\/div>\n<\/div>\n\n\n\n<div class=\"wp-block-columns is-layout-flex wp-container-core-columns-is-layout-d0b3c9c8 wp-block-columns-is-layout-flex\">\n<div class=\"wp-block-column is-layout-flow wp-block-column-is-layout-flow\" style=\"--col-width:25%;flex-basis:25%\"><\/div>\n\n\n\n<div class=\"wp-block-column is-layout-flow wp-block-column-is-layout-flow\" style=\"--col-width:50%;flex-basis:50%\">\n<figure class=\"wp-block-image size-medium\"><a href=\"https:\/\/theatredebagatelle.com\/index.php\/autour-de-la-chanson-francaise\/\"><img loading=\"lazy\" decoding=\"async\" width=\"300\" height=\"39\" src=\"https:\/\/theatredebagatelle.com\/wp-content\/uploads\/Titre-adlcf-c-300x39.jpg\" alt=\"\" class=\"wp-image-1459\" srcset=\"https:\/\/theatredebagatelle.com\/wp-content\/uploads\/Titre-adlcf-c-300x39.jpg 300w, https:\/\/theatredebagatelle.com\/wp-content\/uploads\/Titre-adlcf-c-768x99.jpg 768w, https:\/\/theatredebagatelle.com\/wp-content\/uploads\/Titre-adlcf-c.jpg 800w\" sizes=\"auto, (max-width: 300px) 100vw, 300px\" \/><\/a><figcaption class=\"wp-element-caption\">&#8230;des chansons d&rsquo;hier et d&rsquo;aujourd&rsquo;hui<\/figcaption><\/figure>\n<\/div>\n\n\n\n<div class=\"wp-block-column is-layout-flow wp-block-column-is-layout-flow\" style=\"--col-width:25%;flex-basis:25%\"><\/div>\n<\/div>\n\n\n\n<p class=\"has-text-align-center has-large-font-size\"><strong>Pourquoi \u2026 Th\u00e9\u00e2tre de Bagatelle ?<\/strong><\/p>\n\n\n\n<p class=\"justification_texte is-style-default has-white-color has-black-background-color has-text-color has-background has-link-color wp-elements-ea82b2e42404d3b92ba3e5d6f7d52de5\" style=\"font-size:14px\">Au d\u00e9but du XVIII<sup>\u00e8me<\/sup> si\u00e8cle, la construction du Ch\u00e2teau de Bagatelle repose sur un pari fou\u2026! celui de construire en un temps record un ch\u00e2teau dans le seul but d\u2019en faire un lieu de f\u00eates, de plaisirs, de rencontres\u2026<br>Le d\u00e9fit f\u00fbt relev\u00e9, ayant co\u00fbt\u00e9 au moins le triple du montant du pari !<br>Le spectacle vivant prend tout son sens dans cette notion de folie,<br>d\u2019aventure o\u00f9 l\u2019on s\u2019embarque co\u00fbte que co\u00fbte, avec pour seuls bagages<br>sa passion et toute sa fragilit\u00e9 \u00e0 mettre \u00e0 nu.<br>Un chemin pour lequel, la r\u00e9compense est\u2026 de l\u2019avoir fait.<\/p>\n\n\n\n<p class=\"justification_texte has-white-color has-black-background-color has-text-color has-background has-link-color wp-elements-a4c4ac634320f8b863b5fb3171de3c90\" style=\"font-size:14px\"><em>La sc\u00e8ne\u2026 qui fait de nous des \u00e9ph\u00e9m\u00e8res, capables de tous les frissons<br>D\u2019apprivoiser mille chim\u00e8res et puis le temps d\u2019une chanson\u2026 \u00eatre Arlequin ou Cl\u00e9op\u00e2tre<br>La sc\u00e8ne\u2026 c\u2019est une qu\u00eate si fragile, qu\u2019un souffle peut la d\u00e9ranger.<br>C\u2019est une f\u00e9e aux pieds d\u2019argile, c\u2019est un \u00e9clat c\u2019est un danger\u2026 mais c\u2019est l\u2019esp\u00e9rance opini\u00e2tre.<br>(A. Sylvestre)<\/em><\/p>\n<\/div>\n<\/div>\n","protected":false},"excerpt":{"rendered":"<p>A propos de Th\u00e9\u00e2tre de Bagatelle Th\u00e9\u00e2tre de Bagatelle est une structure artistique qui a vu le jour en 2007suite \u00e0 la rencontre de deux artistes vouant une m\u00eame passion pour les mots,la musique et les textes chant\u00e9s.<br \/>Ils d\u00e9fendent la po\u00e9sie et les belles lettres, celles qui se disent ou se m\u00e9lodisent,lorsque la musique devient[\u2026]<\/p>\n","protected":false},"author":2,"featured_media":0,"parent":0,"menu_order":0,"comment_status":"closed","ping_status":"closed","template":"","meta":{"_acf_changed":false,"remove_blocks_before_content":false,"remove_blocks_after_content":false,"countdown_timer_date_events":"","disable_reading_progress_bar":false,"footnotes":""},"class_list":["post-250","page","type-page","status-publish","hentry"],"acf":[],"_links":{"self":[{"href":"https:\/\/theatredebagatelle.com\/index.php\/wp-json\/wp\/v2\/pages\/250","targetHints":{"allow":["GET"]}}],"collection":[{"href":"https:\/\/theatredebagatelle.com\/index.php\/wp-json\/wp\/v2\/pages"}],"about":[{"href":"https:\/\/theatredebagatelle.com\/index.php\/wp-json\/wp\/v2\/types\/page"}],"author":[{"embeddable":true,"href":"https:\/\/theatredebagatelle.com\/index.php\/wp-json\/wp\/v2\/users\/2"}],"replies":[{"embeddable":true,"href":"https:\/\/theatredebagatelle.com\/index.php\/wp-json\/wp\/v2\/comments?post=250"}],"version-history":[{"count":41,"href":"https:\/\/theatredebagatelle.com\/index.php\/wp-json\/wp\/v2\/pages\/250\/revisions"}],"predecessor-version":[{"id":1755,"href":"https:\/\/theatredebagatelle.com\/index.php\/wp-json\/wp\/v2\/pages\/250\/revisions\/1755"}],"wp:attachment":[{"href":"https:\/\/theatredebagatelle.com\/index.php\/wp-json\/wp\/v2\/media?parent=250"}],"curies":[{"name":"wp","href":"https:\/\/api.w.org\/{rel}","templated":true}]}}