{"id":334,"date":"2022-02-24T15:18:25","date_gmt":"2022-02-24T14:18:25","guid":{"rendered":"https:\/\/theatredebagatelle.com\/?page_id=334"},"modified":"2022-04-01T18:02:44","modified_gmt":"2022-04-01T16:02:44","slug":"rencontre-avec-agnes-ravaux","status":"publish","type":"page","link":"https:\/\/theatredebagatelle.com\/index.php\/rencontre-avec-agnes-ravaux\/","title":{"rendered":"Rencontre avec Agn\u00e8s Ravaux"},"content":{"rendered":"<h3 class=\"wp-block-post-title has-xx-large-font-size\" id=\"rencontre-avec-agnes-ravaux\">Rencontre avec Agn\u00e8s Ravaux<\/h3>\n\n\n<p class=\"jutex has-small-font-size\"><strong>Agn\u00e8s<\/strong> est une femme qui chante, une femme qui aime \u2026 Barbara, c\u2019\u00e9tait une \u00e9vidence.<br>Il \u00e9tait temps pour elle, apr\u00e8s avoir chant\u00e9 les plus grands, de partager cette passion, de la chanter\u2026 pour Vous.<br>Jamais elle ne se prend pour Barbara, jamais elle ne l\u2019imite.<br>Dans un profond respect, elle la remet en sc\u00e8ne avec \u00e0 ses c\u00f4t\u00e9s les notes pr\u00e9cises et brusquement exalt\u00e9es du pianiste qui l\u2019accompagne dans ce duo.<\/p>\n\n\n\n<p class=\"jutex has-small-font-size\">Ces deux artistes \u00e9voluent dans un univers intimiste, confidentiel qu\u2019ils interpr\u00e8tent avec justesse et nous transmettent cette \u00e9motion d\u00e9bordante avec la m\u00eame retenue.<\/p>\n\n\n\n<p class=\"has-text-align-center has-medium-font-size\"><strong>\u00ab intimement Barbara \u00bb<\/strong><\/p>\n\n\n\n<p class=\"jutex has-small-font-size\">C\u2019est un spectacle musical (duo piano-voix) dans lequel j\u2019interpr\u00e8te une vingtaine de chansons de Barbara, accompagn\u00e9e par le pianiste Guillaume Giraud.<br>Un tour de chants que nous avons construit \u00e0 deux, le pianiste et moi-m\u00eame,<br>dans lequel on retrouve des chansons connues mais \u00e9galement d\u2019autres\u2026 moins connues.<br>C\u2019est un spectacle intimiste, confidentiel.<br>Un spectacle que l\u2019on voulait fid\u00e8le et sinc\u00e8re\u2026<br>Une mise en sc\u00e8ne \u00e9pur\u00e9e, dans un d\u00e9cor en clair-obscur<br>Un partage avec le public\u2026 juste un moment, pour se souvenir\u2026<\/p>\n\n\n\n<p class=\"has-text-align-center has-medium-font-size\"><strong>Pourquoi Barbara?<\/strong><\/p>\n\n\n\n<p class=\"jutex has-small-font-size\"><em>\u2026 \u00ab Il est bon de parvenir \u00e0 faire un bout de chemin avec la passion qui vous a toujours tenaill\u00e9e.<br>Chanter\u2026a toujours fait partie de ma vie<br>L\u00e2cher tout, pour quelque chose de puissant, ne m&rsquo;a jamais fait peur<br>Aller vers de belles rencontres m&rsquo;a toujours habit\u00e9<br>Ne pas s&rsquo;endormir\u2026et croire en sa route \u00bb<\/em><\/p>\n\n\n\n<p class=\"jutex has-small-font-size\">\u00ab<em>Ecouter<\/em> Barbara c\u2019est entendre la pr\u00e9cision du mot choisi, le mot parfois qui d\u00e9range mais qui nous touche au c\u0153ur, pour alors nous r\u00e9conforter, pour nous dire que nous sommes tous, concern\u00e9s.<br>Le grand talent de Barbara est de nous raconter le mal de vivre, la solitude et l\u2019intol\u00e9rable qui nous entourent, mais aussi les joies, la beaut\u00e9 et l\u2019amour, sous forme d\u2019histoires port\u00e9es par des m\u00e9lodies enveloppantes, des images, des respirations, des silences\u2026<br>Au fur et \u00e0 mesure, sur le cheminement de ma route, ses chansons prenaient<br>des r\u00e9sonances plus riches encore.<br>Elles entraient en \u00e9cho avec mes moments de joies et de tristesses\u2026 comme un soutien\u00bb.<\/p>\n\n\n\n<p class=\"has-text-align-center\"><strong>\u00ab <em>Chanter<\/em> Barbara m\u2019est apparu comme une \u00e9vidence \u00bb.<\/strong><\/p>\n\n\n\n<p class=\"jutex has-small-font-size\">Habit\u00e9e par la puissance des mots, se souvenant de ses propres maux, Agn\u00e8s va oser <br>\u00ab marcher sur les pas \u00bb de la Grande Dame.<br>L\u2019envie la tenaille mais la pudeur et le respect la freinent.<br>La rencontre artistique avec le pianiste Guillaume Giraud lui offre une r\u00e9ponse imm\u00e9diate.<br>Une passion partag\u00e9e, une grande sensibilit\u00e9, une \u00e9coute parfaite, un grand talent\u2026 la confiance est l\u00e0.<\/p>\n\n\n\n<p class=\"has-text-align-center\"><strong><em>\u00ab il nous faut partager cette grande aventure \u00bb.<\/em><\/strong><\/p>\n\n\n\n<p class=\"jutex has-small-font-size\">Je suis sensible aux choses murmur\u00e9es et le grand talent de Barbara est de nous amener une v\u00e9rit\u00e9 abrupte avec des mots de soies et de velours.<br>J\u2019aime son \u0153uvre, j\u2019aime l\u2019exactitude de ses mots et sa grande po\u00e9sie pour nous raconter\u2026 des histoires qui nous concernent tous, dans lesquelles chacun de nous se retrouve.<br>J\u2019aime sa voix \u00e0 la limite de la rupture.<br>Au fur et \u00e0 mesure que je l\u2019ai \u00e9cout\u00e9e, ses chansons prenaient des r\u00e9sonances plus riches.<br>Elles entraient en \u00e9cho avec mes moments gais, mes moments tristes,<br>mes moments de bonheurs et mes moments d\u2019\u00e9preuves.<br>J\u2019aime cette id\u00e9e de \u00ab femme chantante \u00bb, dont elle se d\u00e9finissait.<br>Sa folle passion, sa volont\u00e9 de chanter, sa t\u00e9nacit\u00e9 sans jamais avoir fait<br>de concession aucune, son intransigeance.<br>Barbara laisse une signature vocale unique.<\/p>\n\n\n\n<div class=\"wp-block-columns is-layout-flex wp-container-core-columns-is-layout-d0b3c9c8 wp-block-columns-is-layout-flex\">\n<div class=\"wp-block-column is-layout-flow wp-block-column-is-layout-flow\">\n<p><a href=\"https:\/\/theatredebagatelle.com\/\">Retour<\/a><\/p>\n<\/div>\n\n\n\n<div class=\"wp-block-column is-layout-flow wp-block-column-is-layout-flow\">\n<p class=\"has-text-align-right\"><a href=\"https:\/\/theatredebagatelle.com\/index.php\/rencontre-avec-guillaume-giraud\/\">Suivant<\/a><\/p>\n<\/div>\n<\/div>\n","protected":false},"excerpt":{"rendered":"<p>Agn\u00e8s est une femme qui chante, une femme qui aime \u2026 Barbara, c\u2019\u00e9tait une \u00e9vidence.<br \/>Il \u00e9tait temps pour elle, apr\u00e8s avoir chant\u00e9 les plus grands, de partager cette passion, de la chanter\u2026 pour Vous.<br \/>Jamais elle ne se prend pour Barbara, jamais elle ne l\u2019imite.<br \/>Dans un profond respect, elle la remet en sc\u00e8ne avec \u00e0 ses[\u2026]<\/p>\n","protected":false},"author":2,"featured_media":0,"parent":0,"menu_order":0,"comment_status":"closed","ping_status":"closed","template":"","meta":{"_acf_changed":false,"remove_blocks_before_content":false,"remove_blocks_after_content":false,"countdown_timer_date_events":"","disable_reading_progress_bar":false,"footnotes":""},"class_list":["post-334","page","type-page","status-publish","hentry"],"acf":[],"_links":{"self":[{"href":"https:\/\/theatredebagatelle.com\/index.php\/wp-json\/wp\/v2\/pages\/334","targetHints":{"allow":["GET"]}}],"collection":[{"href":"https:\/\/theatredebagatelle.com\/index.php\/wp-json\/wp\/v2\/pages"}],"about":[{"href":"https:\/\/theatredebagatelle.com\/index.php\/wp-json\/wp\/v2\/types\/page"}],"author":[{"embeddable":true,"href":"https:\/\/theatredebagatelle.com\/index.php\/wp-json\/wp\/v2\/users\/2"}],"replies":[{"embeddable":true,"href":"https:\/\/theatredebagatelle.com\/index.php\/wp-json\/wp\/v2\/comments?post=334"}],"version-history":[{"count":11,"href":"https:\/\/theatredebagatelle.com\/index.php\/wp-json\/wp\/v2\/pages\/334\/revisions"}],"predecessor-version":[{"id":1177,"href":"https:\/\/theatredebagatelle.com\/index.php\/wp-json\/wp\/v2\/pages\/334\/revisions\/1177"}],"wp:attachment":[{"href":"https:\/\/theatredebagatelle.com\/index.php\/wp-json\/wp\/v2\/media?parent=334"}],"curies":[{"name":"wp","href":"https:\/\/api.w.org\/{rel}","templated":true}]}}