{"id":342,"date":"2022-02-24T15:18:35","date_gmt":"2022-02-24T14:18:35","guid":{"rendered":"https:\/\/theatredebagatelle.com\/?page_id=342"},"modified":"2022-04-01T18:04:09","modified_gmt":"2022-04-01T16:04:09","slug":"rencontre-avec-guillaume-giraud","status":"publish","type":"page","link":"https:\/\/theatredebagatelle.com\/index.php\/rencontre-avec-guillaume-giraud\/","title":{"rendered":"Rencontre avec Guillaume Giraud"},"content":{"rendered":"<h3 class=\"wp-block-post-title has-xx-large-font-size\" id=\"rencontre-avec-guillaume-giraud\">Rencontre avec Guillaume Giraud<\/h3>\n\n\n<p class=\"jutex has-small-font-size\">Guillaume remarqu\u00e9 et reconnu pour ses talents d\u2019\u00e9criture et d\u2019interpr\u00e9tation, r\u00e9v\u00e9lant une appartenance \u00e0 un courant d\u2019\u00e9criture rang\u00e9 parmi les plus grands, il accompagne \u2026 et nous ravit sur les chemins de la Grande Dame Brune..<\/p>\n\n\n\n<p class=\"jutex has-small-font-size\">Il croise ceux qui appartiennent \u00e0 celui de son maitre\u2026<br>Guillaume Giraud, seul au piano, revisite le r\u00e9pertoire du po\u00e8te libertaire Georges Brassens.<br>Il navigue sur les flots d\u2019une libre pens\u00e9e.<br>Dans un dialogue avec le po\u00e8te, il nous invite \u00e0 un voyage teint\u00e9 de tendresse et de provocation.<\/p>\n\n\n\n<p class=\"has-text-align-center has-medium-font-size\"><strong>Pourquoi Brassens?<\/strong><\/p>\n\n\n\n<p class=\"jutex has-small-font-size\">Brassens est une longue histoire \u2026<br>Guillaume a doublement d\u00e9but\u00e9 avec le po\u00e8te s\u00e9tois \u2026<br>D&rsquo;abord ses premiers pas en amateur sur une sc\u00e8ne se sont pass\u00e9s au Festival Georges Brassens de Vaison la Romaine, o\u00f9 il a \u00e9t\u00e9 invit\u00e9 \u00e0 plusieurs reprises pour participer aux veill\u00e9es qui d\u00e9butaient la semaine hommage, lors des premiers festivals \u2026<br>Ensuite, sa carri\u00e8re professionnelle, lorsqu&rsquo;il accompagne de 2003 \u00e0 2005 le Th\u00e9\u00e2tre du Sablier, sous la direction de Prosper Diss, dans le spectacle \u00ab\u00a0Brassens et la Femme\u00a0\u00bb.<\/p>\n\n\n\n<p class=\"jutex has-small-font-size\">Aujourd&rsquo;hui, c&rsquo;est une cr\u00e9ation personnelle, parce que l&rsquo;envie \u00e9tait forte de passer un moment sur sc\u00e8ne avec le ma\u00eetre et que le public nous l&rsquo;a souvent demand\u00e9 \u2026<br>Et ce fut un grand plaisir de replonger dans l&rsquo;univers de cet homme pudique et g\u00e9n\u00e9reux.<br>Par le biais d\u2019internet, nous avons acc\u00e8s \u00e0 des documents rares t\u00e9l\u00e9visuels ou sonores qui apportent d&rsquo;autres couleurs \u00e0 l&rsquo;image qu&rsquo;il nous renvoyait.<br>Et c&rsquo;est ce qu&rsquo;on essaye de faire ressortir dans ce spectacle, en cassant la croute de pl\u00e2tre qui l&rsquo;a statufi\u00e9, pour faire revivre l&rsquo;homme, le bon vivant, le blagueur, l&rsquo;amoureux \u2026<\/p>\n\n\n\n<p class=\"has-text-align-center\"><strong>\u00ab et&#8230; Boris Vian? \u00bb.<\/strong><\/p>\n\n\n\n<p class=\"has-small-font-size\">2020 \u2026 centenaire de Boris Vian.<\/p>\n\n\n\n<p class=\"jutex has-small-font-size\">A cette occasion, notre village qui f\u00eate les 10 ans de sa m\u00e9diath\u00e8que se rapproche de nous pour l\u2019organisation d\u2019une soir\u00e9e autour des chansons de Boris Vian.<\/p>\n\n\n\n<p class=\"jutex has-small-font-size\">Aussit\u00f4t s\u00e9duit par l\u2019id\u00e9e d\u2019un travail autour de l\u2019artiste multiple dont il y a tant \u00e0 d\u00e9couvrir, Agn\u00e8s Ravaux et Guillaume Giraud nous proposent spontan\u00e9ment un spectacle musical autour de l\u2019\u0153uvre de Boris Vian en demandant \u00e0 leur ami-artiste Bernard Sorbier de les rejoindre.<\/p>\n\n\n\n<p class=\"jutex has-small-font-size\">Un spectacle d\u2019une grande originalit\u00e9 m\u00ealant archives sonores, textes et chansons, nous faisant revivre une \u00e9poque o\u00f9 r\u00e9gnait le go\u00fbt de la libert\u00e9, de la vie nocturne avec ses minuscules cabarets et cette jeunesse \u00ab zazou \u00bb admirative d\u2019une nouvelle musique, le jazz.<br>C\u2019\u00e9tait l\u2019\u00e9poque du \u00ab Tabou \u00bb et Boris Vian \u00e9tait surnomm\u00e9 le Prince de St Germain des Pr\u00e9s.<\/p>\n\n\n\n<p class=\"has-text-align-center\"><strong>Qu\u2019aurait-il \u00e0 nous dire s\u2019il revenait ?<\/strong><\/p>\n\n\n\n<p class=\"jutex has-small-font-size\">Cette question a inspir\u00e9 l\u2019auteur-conteur Bernard Sorbier qui a rejoint les artistes du Th\u00e9\u00e2tre de Bagatelle et trac\u00e9 de sa plume un fil conducteur pour ce spectacle qu\u2019ils nommeront \u00ab Comme des Moulins \u00e0 Vian \u00bb.<br>Pendant presque 1h30 nos trois amis gesticuleront sur la sc\u00e8ne comme des Moulins \u00e0 Vian et tour \u00e0 tour nous enchanteront par leur voix, leurs mots, leur esprit inventif nous laissant d\u00e9couvrir l\u2019inclassable Boris.<\/p>\n\n\n\n<div class=\"wp-block-columns is-layout-flex wp-container-core-columns-is-layout-d0b3c9c8 wp-block-columns-is-layout-flex\">\n<div class=\"wp-block-column is-layout-flow wp-block-column-is-layout-flow\">\n<p><a href=\"https:\/\/theatredebagatelle.com\/index.php\/rencontre-avec-agnes-ravaux\/\">Pr\u00e9c\u00e9dent<\/a><\/p>\n<\/div>\n\n\n\n<div class=\"wp-block-column is-layout-flow wp-block-column-is-layout-flow\">\n<p class=\"has-text-align-right\"><a href=\"https:\/\/theatredebagatelle.com\/\">Retour<\/a><\/p>\n<\/div>\n<\/div>\n","protected":false},"excerpt":{"rendered":"<p>Guillaume remarqu\u00e9 et reconnu pour ses talents d\u2019\u00e9criture et d\u2019interpr\u00e9tation, r\u00e9v\u00e9lant une appartenance \u00e0 un courant d\u2019\u00e9criture rang\u00e9 parmi les plus grands, il accompagne \u2026 et nous ravit sur les chemins de la Grande Dame Brune.<br \/>.<br \/> Il croise ceux qui appartiennent \u00e0 celui de son maitre\u2026Guillaume Giraud, seul au piano, revisite le r\u00e9pertoire du po\u00e8te[\u2026]<\/p>\n","protected":false},"author":2,"featured_media":0,"parent":0,"menu_order":0,"comment_status":"closed","ping_status":"closed","template":"","meta":{"_acf_changed":false,"remove_blocks_before_content":false,"remove_blocks_after_content":false,"countdown_timer_date_events":"","disable_reading_progress_bar":false,"footnotes":""},"class_list":["post-342","page","type-page","status-publish","hentry"],"acf":[],"_links":{"self":[{"href":"https:\/\/theatredebagatelle.com\/index.php\/wp-json\/wp\/v2\/pages\/342","targetHints":{"allow":["GET"]}}],"collection":[{"href":"https:\/\/theatredebagatelle.com\/index.php\/wp-json\/wp\/v2\/pages"}],"about":[{"href":"https:\/\/theatredebagatelle.com\/index.php\/wp-json\/wp\/v2\/types\/page"}],"author":[{"embeddable":true,"href":"https:\/\/theatredebagatelle.com\/index.php\/wp-json\/wp\/v2\/users\/2"}],"replies":[{"embeddable":true,"href":"https:\/\/theatredebagatelle.com\/index.php\/wp-json\/wp\/v2\/comments?post=342"}],"version-history":[{"count":8,"href":"https:\/\/theatredebagatelle.com\/index.php\/wp-json\/wp\/v2\/pages\/342\/revisions"}],"predecessor-version":[{"id":1178,"href":"https:\/\/theatredebagatelle.com\/index.php\/wp-json\/wp\/v2\/pages\/342\/revisions\/1178"}],"wp:attachment":[{"href":"https:\/\/theatredebagatelle.com\/index.php\/wp-json\/wp\/v2\/media?parent=342"}],"curies":[{"name":"wp","href":"https:\/\/api.w.org\/{rel}","templated":true}]}}