{"id":371,"date":"2022-02-23T12:11:00","date_gmt":"2022-02-23T11:11:00","guid":{"rendered":"https:\/\/theatredebagatelle.com\/?page_id=371"},"modified":"2024-01-31T11:04:57","modified_gmt":"2024-01-31T10:04:57","slug":"bagatelle","status":"publish","type":"page","link":"https:\/\/theatredebagatelle.com\/index.php\/bagatelle\/","title":{"rendered":"\u00ab\u00a0Bagatelle\u00a0\u00bb"},"content":{"rendered":"\n<div class=\"wp-block-group is-layout-flow wp-block-group-is-layout-flow\">\n<div class=\"wp-block-columns is-layout-flex wp-container-core-columns-is-layout-d0b3c9c8 wp-block-columns-is-layout-flex\">\n<div class=\"wp-block-column is-layout-flow wp-block-column-is-layout-flow\">\n<figure class=\"wp-block-image aligncenter size-full\"><img loading=\"lazy\" decoding=\"async\" width=\"800\" height=\"103\" src=\"https:\/\/theatredebagatelle.com\/wp-content\/uploads\/Titre_Bagatelle_Guillaume_c.jpg\" alt=\"\" class=\"wp-image-355\" srcset=\"https:\/\/theatredebagatelle.com\/wp-content\/uploads\/Titre_Bagatelle_Guillaume_c.jpg 800w, https:\/\/theatredebagatelle.com\/wp-content\/uploads\/Titre_Bagatelle_Guillaume_c-300x39.jpg 300w, https:\/\/theatredebagatelle.com\/wp-content\/uploads\/Titre_Bagatelle_Guillaume_c-768x99.jpg 768w\" sizes=\"auto, (max-width: 800px) 100vw, 800px\" \/><\/figure>\n\n\n\n<p class=\"has-large-font-size\">Cr\u00e9ation Festival Off Avignon<\/p>\n<\/div>\n<\/div>\n<\/div>\n\n\n\n<div class=\"wp-block-columns is-layout-flex wp-container-core-columns-is-layout-d0b3c9c8 wp-block-columns-is-layout-flex\">\n<div class=\"wp-block-column is-layout-flow wp-block-column-is-layout-flow\">\n<p>piano et chant: Guillaume Giraud<br>accord\u00e9on: S\u00e9bastien Guinet<\/p>\n<\/div>\n<\/div>\n\n\n\n<div class=\"wp-block-columns is-layout-flex wp-container-core-columns-is-layout-d0b3c9c8 wp-block-columns-is-layout-flex\">\n<div class=\"wp-block-column is-layout-flow wp-block-column-is-layout-flow\"><\/div>\n\n\n\n<div class=\"wp-block-column is-layout-flow wp-block-column-is-layout-flow\"><\/div>\n<\/div>\n\n\n\n<div class=\"wp-block-columns is-layout-flex wp-container-core-columns-is-layout-d0b3c9c8 wp-block-columns-is-layout-flex\">\n<div class=\"wp-block-column justification_texte is-layout-flow wp-block-column-is-layout-flow\" style=\"--col-width:66.66%;flex-basis:66.66%\">\n<p class=\"has-small-font-size\"><em>\u00ab La vie, l&rsquo;amour et encore \u2026<\/em><br>De petites d\u00e9faites en belles conqu\u00eates, la vie roule, la vie s\u2019enroule autour de nous<br>pour nous laisser au fil des saisons, des souvenirs plein les poches.<br>D\u2019une main saisissons nos anciennes v\u00e9rit\u00e9s et tendons l\u2019autre vers demain<br>pour que nos histoires pass\u00e9es nous conduisent vers nos histoires \u00e0 venir \u2026<br>Saoulons-nous avant nos amours absentes \u2026 \u00bb<\/p>\n\n\n\n<p class=\"jutex has-small-font-size\">Dans un univers \u00e9th\u00e9r\u00e9, les textes po\u00e9tiques sont des sayn\u00e8tes qui s&rsquo;envolent en musique.<br>Des morceaux de vie, des instantan\u00e9s qui reprennent corps le temps d&rsquo;une chanson.<br>Des sensations effleurantes, comme un pinceau sur notre peau, un tableau Baudelairien qui s&rsquo;esquisse, l&rsquo;espace d&rsquo;un sourire \u2026<br>Les notes de l&rsquo;accord\u00e9oniste et le souffle chaud de son instrument enveloppent les m\u00e9lodies pianistique qui m&rsquo;invitent au voyage \u2026<br>Un voyage vers vous, vers nous et nos histoires \u00e0 venir \u2026<\/p>\n<\/div>\n\n\n\n<div class=\"wp-block-column is-layout-flow wp-block-column-is-layout-flow\" style=\"--col-width:33.33%;flex-basis:33.33%\">\n<figure class=\"wp-block-image size-full\"><img loading=\"lazy\" decoding=\"async\" width=\"355\" height=\"500\" src=\"https:\/\/theatredebagatelle.com\/wp-content\/uploads\/aff_Bagatelle.jpg\" alt=\"\" class=\"wp-image-372\" srcset=\"https:\/\/theatredebagatelle.com\/wp-content\/uploads\/aff_Bagatelle.jpg 355w, https:\/\/theatredebagatelle.com\/wp-content\/uploads\/aff_Bagatelle-213x300.jpg 213w\" sizes=\"auto, (max-width: 355px) 100vw, 355px\" \/><figcaption class=\"wp-element-caption\"><em>\u00ab\u00a0Bagatelle\u00a0\u00bb<\/em><\/figcaption><\/figure>\n<\/div>\n<\/div>\n\n\n\n<p class=\"has-text-align-center jutex has-small-font-size\"><em>\u00ab Belle balade que celle que l\u2019on fait dans son univers, o\u00f9 son piano,<br>qu\u2019il caresse avec talent se m\u00eale \u00e0 ses mots,<br>o\u00f9 sa voix nous emm\u00e8ne aux limites de nos sens \u00bb<\/em><\/p>\n\n\n\n<div class=\"wp-block-columns is-layout-flex wp-container-core-columns-is-layout-d0b3c9c8 wp-block-columns-is-layout-flex\">\n<div class=\"wp-block-column is-layout-flow wp-block-column-is-layout-flow\">\n<p class=\"has-text-align-center\"><strong>G<\/strong>uillaume <strong>G<\/strong>iraud<br><em>Auteur &#8211; Compositeur &#8211; Interpr\u00e8te<\/em><\/p>\n\n\n\n<p class=\"jutex has-small-font-size\">Accompagne la Troupe du \u00ab Th\u00e9\u00e2tre du Sablier \u00bb, dirig\u00e9 par Prosper Diss,<br>dans le spectacle \u00ab Brassens et la Femme \u00bb Festival Avignon 2004<\/p>\n\n\n\n<p class=\"jutex has-small-font-size\">Pianiste &#8211; com\u00e9dien avec la Compagnie Tapatoudi dans le spectacle Hommage<br>\u00e0 Boby Lapointe \u00ab Lapointe d\u2019Amour de Boby \u00bb Festival Avignon 2005, soutien ADAMI<\/p>\n\n\n\n<p class=\"jutex has-small-font-size\">Adaptation et interpr\u00e9tation de la com\u00e9die musicale \u00ab l\u2019Homme de la Mancha \u00bb en 2006<\/p>\n\n\n\n<p class=\"jutex has-small-font-size\">Complice et accompagnateur d\u2019Agn\u00e8s Ravaux dans leur spectacle Barbara<\/p>\n\n\n\n<p class=\"jutex has-small-font-size\">Il nous a conquis par sa grande virtuosit\u00e9, sa belle sensibilit\u00e9 pianistique, sa voix, ses textes.<\/p>\n\n\n\n<p class=\"jutex has-small-font-size\">Nous le d\u00e9couvrons aujourd\u2019hui dans son spectacle Bagatelle.<\/p>\n\n\n\n<p class=\"jutex has-small-font-size\">Pour le plaisir des sens, le plaisir du c\u0153ur\u2026entrez dans son univers<\/p>\n<\/div>\n\n\n\n<div class=\"wp-block-column is-layout-flow wp-block-column-is-layout-flow\">\n<p class=\"has-text-align-center\"><strong>S<\/strong>\u00e9bastien <strong>G<\/strong>uinet<br><\/p>\n\n\n\n<p class=\"jutex has-small-font-size\">Tr\u00e8s jeune, il \u00e9tudie l\u2019accord\u00e9on,<br>diplom\u00e9 aux championnats nationaux de Paris en 1995,<br>puis professeur d\u2019accord\u00e9on jusqu\u2019en 1998 .<\/p>\n\n\n\n<p class=\"jutex has-small-font-size\">L\u2019int\u00e9r\u00eat qu\u2019il porte \u00e9galement \u00e0 d\u2019autres instruments (bandon\u00e9on, trompette, percussions)<br>vont le conduire petit \u00e0 petit vers de nouvelles exp\u00e9riences qui le m\u00e8neront<br>sur diff\u00e9rentes sc\u00e8nes et lui procureront de nouvelles sensations.<\/p>\n\n\n\n<p class=\"jutex has-small-font-size\">Une nouvelle envie pour ce polyglotte musical, au talent d\u00e9j\u00e0 reconnu\u2026<br>\u2026mettre ses comp\u00e9tences artistiques au service d\u2019autres artistes.<\/p>\n<\/div>\n<\/div>\n\n\n\n<div style=\"height:5px\" aria-hidden=\"true\" class=\"wp-block-spacer\"><\/div>\n\n\n\n<hr class=\"wp-block-separator has-css-opacity\"\/>\n\n\n\n<p class=\"has-text-align-center\">Quelques extraits \u00e0 l&rsquo;\u00e9coute<br><\/p>\n\n\n\n<figure class=\"wp-block-audio\"><audio controls src=\"https:\/\/theatredebagatelle.com\/wp-content\/uploads\/comme_un_artiste.mp3\"><\/audio><figcaption class=\"wp-element-caption\">Comme un Artiste<\/figcaption><\/figure>\n\n\n\n<figure class=\"wp-block-audio\"><audio controls src=\"https:\/\/theatredebagatelle.com\/wp-content\/uploads\/mademoiselle_frigide.mp3\"><\/audio><figcaption class=\"wp-element-caption\">Mademoiselle Frigide<\/figcaption><\/figure>\n\n\n\n<figure class=\"wp-block-audio\"><audio controls src=\"https:\/\/theatredebagatelle.com\/wp-content\/uploads\/bouteille_a_la_mer.mp3\"><\/audio><figcaption class=\"wp-element-caption\">Bouteille \u00e0 la mer<\/figcaption><\/figure>\n\n\n\n<hr class=\"wp-block-separator has-css-opacity\"\/>\n\n\n\n<div class=\"wp-block-columns is-layout-flex wp-container-core-columns-is-layout-d0b3c9c8 wp-block-columns-is-layout-flex\">\n<div class=\"wp-block-column is-layout-flow wp-block-column-is-layout-flow\">\n<figure class=\"wp-block-image size-full\"><a href=\"https:\/\/theatredebagatelle.com\/index.php\/videos\/\"><img loading=\"lazy\" decoding=\"async\" width=\"500\" height=\"164\" src=\"https:\/\/theatredebagatelle.com\/wp-content\/uploads\/Vign_VIDEOS-500x164-1.jpg\" alt=\"\" class=\"wp-image-895\" srcset=\"https:\/\/theatredebagatelle.com\/wp-content\/uploads\/Vign_VIDEOS-500x164-1.jpg 500w, https:\/\/theatredebagatelle.com\/wp-content\/uploads\/Vign_VIDEOS-500x164-1-300x98.jpg 300w\" sizes=\"auto, (max-width: 500px) 100vw, 500px\" \/><\/a><\/figure>\n<\/div>\n\n\n\n<div class=\"wp-block-column is-layout-flow wp-block-column-is-layout-flow\">\n<figure class=\"wp-block-image size-full\"><a href=\"https:\/\/theatredebagatelle.com\/index.php\/presse-theatre-de-bagatelle\/\"><img loading=\"lazy\" decoding=\"async\" width=\"500\" height=\"164\" src=\"https:\/\/theatredebagatelle.com\/wp-content\/uploads\/Vign_PRESSE-500x164-2.jpg\" alt=\"\" class=\"wp-image-894\" srcset=\"https:\/\/theatredebagatelle.com\/wp-content\/uploads\/Vign_PRESSE-500x164-2.jpg 500w, https:\/\/theatredebagatelle.com\/wp-content\/uploads\/Vign_PRESSE-500x164-2-300x98.jpg 300w\" sizes=\"auto, (max-width: 500px) 100vw, 500px\" \/><\/a><\/figure>\n<\/div>\n\n\n\n<div class=\"wp-block-column is-layout-flow wp-block-column-is-layout-flow\">\n<figure class=\"wp-block-image size-full\"><a href=\"https:\/\/theatredebagatelle.com\/index.php\/photos-guillaume-g\/\"><img loading=\"lazy\" decoding=\"async\" width=\"500\" height=\"164\" src=\"https:\/\/theatredebagatelle.com\/wp-content\/uploads\/Vign_PHOTOS-500x164-1.jpg\" alt=\"\" class=\"wp-image-893\" srcset=\"https:\/\/theatredebagatelle.com\/wp-content\/uploads\/Vign_PHOTOS-500x164-1.jpg 500w, https:\/\/theatredebagatelle.com\/wp-content\/uploads\/Vign_PHOTOS-500x164-1-300x98.jpg 300w\" sizes=\"auto, (max-width: 500px) 100vw, 500px\" \/><\/a><\/figure>\n<\/div>\n<\/div>\n\n\n\n<div class=\"wp-block-columns is-layout-flex wp-container-core-columns-is-layout-d0b3c9c8 wp-block-columns-is-layout-flex\">\n<div class=\"wp-block-column is-layout-flow wp-block-column-is-layout-flow\">\n<p><a href=\"https:\/\/theatredebagatelle.com\/index.php\/comme-des-moulins-a-vian\/\">Pr\u00e9c\u00e9dent<\/a><\/p>\n<\/div>\n\n\n\n<div class=\"wp-block-column is-layout-flow wp-block-column-is-layout-flow\">\n<p class=\"has-text-align-right\"><a href=\"https:\/\/theatredebagatelle.com\/index.php\/guillaume-giraud-trio\/\">Suivant<\/a><\/p>\n<\/div>\n<\/div>\n","protected":false},"excerpt":{"rendered":"<p>Cr\u00e9ation Festival Off Avignon piano et chant: Guillaume Giraudaccord\u00e9on: S\u00e9bastien Guinet \u00ab La vie, l&rsquo;amour et encore \u2026De petites d\u00e9faites en belles conqu\u00eates, la vie roule, la vie s\u2019enroule autour de nouspour nous laisser au fil des saisons, des souvenirs plein les poches.<br \/>D\u2019une main saisissons nos anciennes v\u00e9rit\u00e9s et tendons l\u2019autre vers demainpour que nos[\u2026]<\/p>\n","protected":false},"author":2,"featured_media":0,"parent":0,"menu_order":0,"comment_status":"closed","ping_status":"closed","template":"","meta":{"_acf_changed":false,"remove_blocks_before_content":false,"remove_blocks_after_content":false,"countdown_timer_date_events":"","disable_reading_progress_bar":false,"footnotes":""},"class_list":["post-371","page","type-page","status-publish","hentry"],"acf":[],"_links":{"self":[{"href":"https:\/\/theatredebagatelle.com\/index.php\/wp-json\/wp\/v2\/pages\/371","targetHints":{"allow":["GET"]}}],"collection":[{"href":"https:\/\/theatredebagatelle.com\/index.php\/wp-json\/wp\/v2\/pages"}],"about":[{"href":"https:\/\/theatredebagatelle.com\/index.php\/wp-json\/wp\/v2\/types\/page"}],"author":[{"embeddable":true,"href":"https:\/\/theatredebagatelle.com\/index.php\/wp-json\/wp\/v2\/users\/2"}],"replies":[{"embeddable":true,"href":"https:\/\/theatredebagatelle.com\/index.php\/wp-json\/wp\/v2\/comments?post=371"}],"version-history":[{"count":19,"href":"https:\/\/theatredebagatelle.com\/index.php\/wp-json\/wp\/v2\/pages\/371\/revisions"}],"predecessor-version":[{"id":1420,"href":"https:\/\/theatredebagatelle.com\/index.php\/wp-json\/wp\/v2\/pages\/371\/revisions\/1420"}],"wp:attachment":[{"href":"https:\/\/theatredebagatelle.com\/index.php\/wp-json\/wp\/v2\/media?parent=371"}],"curies":[{"name":"wp","href":"https:\/\/api.w.org\/{rel}","templated":true}]}}